{"id":10656,"date":"2022-03-24T11:54:54","date_gmt":"2022-03-24T15:54:54","guid":{"rendered":"https:\/\/lauzoncollection.com\/cart\/"},"modified":"2026-03-13T12:20:51","modified_gmt":"2026-03-13T16:20:51","slug":"panier","status":"publish","type":"page","link":"https:\/\/www.lauzoncollection.com\/fr\/panier\/","title":{"rendered":"Panier"},"content":{"rendered":"\t\t<div data-elementor-type=\"wp-page\" data-elementor-id=\"10656\" class=\"elementor elementor-10656 elementor-10627\" data-elementor-post-type=\"page\">\n\t\t\t\t\t\t<section class=\"elementor-section elementor-top-section elementor-element elementor-element-f5e1a60 elementor-section-boxed elementor-section-height-default elementor-section-height-default\" data-id=\"f5e1a60\" data-element_type=\"section\" data-settings=\"{&quot;jet_parallax_layout_list&quot;:[]}\">\n\t\t\t\t\t\t<div class=\"elementor-container elementor-column-gap-default\">\n\t\t\t\t\t<div class=\"elementor-column elementor-col-100 elementor-top-column elementor-element elementor-element-264ca9b\" data-id=\"264ca9b\" data-element_type=\"column\">\n\t\t\t<div class=\"elementor-widget-wrap elementor-element-populated\">\n\t\t\t\t\t\t<div class=\"elementor-element elementor-element-4d9756b elementor-widget elementor-widget-heading\" data-id=\"4d9756b\" data-element_type=\"widget\" data-widget_type=\"heading.default\">\n\t\t\t\t<div class=\"elementor-widget-container\">\n\t\t\t\t\t<h1 class=\"elementor-heading-title elementor-size-default\">COMMANDE D'\u00c9CHANTILLONS<\/h1>\t\t\t\t<\/div>\n\t\t\t\t<\/div>\n\t\t\t\t<div class=\"elementor-element elementor-element-75bf6fb elementor-widget elementor-widget-text-editor\" data-id=\"75bf6fb\" data-element_type=\"widget\" data-widget_type=\"text-editor.default\">\n\t\t\t\t<div class=\"elementor-widget-container\">\n\t\t\t\t\t\t\t\t\t<p>Bien que nos produits soient disponibles en plusieurs largeurs et constructions, nos \u00e9chantillons sont offerts dans une seule option, uniquement \u00e0 titre de r\u00e9f\u00e9rence de couleur. Nous prenons en charge les frais de livraison pour l\u2019envoi de 5 \u00e9chantillons gratuits, en \u00e9change d\u2019un don pour un organisme local.<\/p>\t\t\t\t\t\t\t\t<\/div>\n\t\t\t\t<\/div>\n\t\t\t\t<div class=\"elementor-element elementor-element-956eae4 e-cart-layout-two-column elementor-widget elementor-widget-woocommerce-cart\" data-id=\"956eae4\" data-element_type=\"widget\" data-settings=\"{&quot;update_cart_automatically&quot;:&quot;yes&quot;}\" data-widget_type=\"woocommerce-cart.default\">\n\t\t\t\t<div class=\"elementor-widget-container\">\n\t\t\t\t\t<div class=\"woocommerce\"><div class=\"woocommerce-notices-wrapper\"><\/div><div class=\"wc-empty-cart-message\">\n\t<div class=\"cart-empty woocommerce-info\" role=\"status\">\n\t\tVotre panier est actuellement vide.\t<\/div>\n<\/div>\t<p class=\"return-to-shop\">\n\t\t<a class=\"button wc-backward\" href=\"https:\/\/www.lauzoncollection.com\/fr\/shop\/\">\n\t\t\tRetour \u00e0 la boutique\t\t<\/a>\n\t<\/p>\n<\/div>\t\t\t\t<\/div>\n\t\t\t\t<\/div>\n\t\t\t\t\t<\/div>\n\t\t<\/div>\n\t\t\t\t\t<\/div>\n\t\t<\/section>\n\t\t\t\t<\/div>\n\t\t","protected":false},"excerpt":{"rendered":"<p>COMMANDE D&rsquo;\u00c9CHANTILLONS Bien que nos produits soient disponibles en plusieurs largeurs et constructions, nos \u00e9chantillons sont offerts dans une seule option, uniquement \u00e0 titre de r\u00e9f\u00e9rence de couleur. Nous prenons en charge les frais de livraison pour l\u2019envoi de 5 \u00e9chantillons gratuits, en \u00e9change d\u2019un don pour un organisme local. &nbsp; Product Price Quantity Subtotal [&hellip;]<\/p>\n","protected":false},"author":1,"featured_media":0,"parent":0,"menu_order":2,"comment_status":"closed","ping_status":"closed","template":"","meta":{"_acf_changed":false,"footnotes":""},"class_list":["post-10656","page","type-page","status-publish","hentry"],"acf":[],"yoast_head":"<!-- This site is optimized with the Yoast SEO plugin v25.2 - https:\/\/yoast.com\/wordpress\/plugins\/seo\/ -->\n<title>Panier - Lauzon Collection<\/title>\n<meta name=\"robots\" content=\"index, follow, max-snippet:-1, max-image-preview:large, max-video-preview:-1\" \/>\n<meta property=\"og:locale\" content=\"fr_CA\" \/>\n<meta property=\"og:type\" content=\"article\" \/>\n<meta property=\"og:title\" content=\"Panier - Lauzon Collection\" \/>\n<meta property=\"og:description\" content=\"COMMANDE D&rsquo;\u00c9CHANTILLONS Bien que nos produits soient disponibles en plusieurs largeurs et constructions, nos \u00e9chantillons sont offerts dans une seule option, uniquement \u00e0 titre de r\u00e9f\u00e9rence de couleur. Nous prenons en charge les frais de livraison pour l\u2019envoi de 5 \u00e9chantillons gratuits, en \u00e9change d\u2019un don pour un organisme local. &nbsp; Product Price Quantity Subtotal [&hellip;]\" \/>\n<meta property=\"og:url\" content=\"https:\/\/www.lauzoncollection.com\/cart\/\" \/>\n<meta property=\"og:site_name\" content=\"Lauzon Collection\" \/>\n<meta property=\"article:modified_time\" content=\"2026-03-13T16:20:51+00:00\" \/>\n<meta property=\"og:image\" content=\"https:\/\/www.lauzoncollection.com\/wp-content\/uploads\/2021\/10\/hardwood-floor-lauzon-collection-natural-influence-hard-maple-silenzio-1-300x300.jpg\" \/>\n<meta name=\"twitter:card\" content=\"summary_large_image\" \/>\n<meta name=\"twitter:label1\" content=\"Estimation du temps de lecture\" \/>\n\t<meta name=\"twitter:data1\" content=\"3 minutes\" \/>\n<script type=\"application\/ld+json\" class=\"yoast-schema-graph\">{\"@context\":\"https:\/\/schema.org\",\"@graph\":[{\"@type\":\"WebPage\",\"@id\":\"https:\/\/www.lauzoncollection.com\/cart\/\",\"url\":\"https:\/\/www.lauzoncollection.com\/cart\/\",\"name\":\"Panier - Lauzon Collection\",\"isPartOf\":{\"@id\":\"https:\/\/www.lauzoncollection.com\/#website\"},\"primaryImageOfPage\":{\"@id\":\"https:\/\/www.lauzoncollection.com\/cart\/#primaryimage\"},\"image\":{\"@id\":\"https:\/\/www.lauzoncollection.com\/cart\/#primaryimage\"},\"thumbnailUrl\":\"https:\/\/www.lauzoncollection.com\/wp-content\/uploads\/2021\/10\/hardwood-floor-lauzon-collection-natural-influence-hard-maple-silenzio-1-300x300.jpg\",\"datePublished\":\"2022-03-24T15:54:54+00:00\",\"dateModified\":\"2026-03-13T16:20:51+00:00\",\"breadcrumb\":{\"@id\":\"https:\/\/www.lauzoncollection.com\/cart\/#breadcrumb\"},\"inLanguage\":\"fr-CA\",\"potentialAction\":[{\"@type\":\"ReadAction\",\"target\":[\"https:\/\/www.lauzoncollection.com\/cart\/\"]}]},{\"@type\":\"ImageObject\",\"inLanguage\":\"fr-CA\",\"@id\":\"https:\/\/www.lauzoncollection.com\/cart\/#primaryimage\",\"url\":\"https:\/\/www.lauzoncollection.com\/wp-content\/uploads\/2021\/10\/hardwood-floor-lauzon-collection-natural-influence-hard-maple-silenzio-1-300x300.jpg\",\"contentUrl\":\"https:\/\/www.lauzoncollection.com\/wp-content\/uploads\/2021\/10\/hardwood-floor-lauzon-collection-natural-influence-hard-maple-silenzio-1-300x300.jpg\"},{\"@type\":\"BreadcrumbList\",\"@id\":\"https:\/\/www.lauzoncollection.com\/cart\/#breadcrumb\",\"itemListElement\":[{\"@type\":\"ListItem\",\"position\":1,\"name\":\"Accueil\",\"item\":\"https:\/\/www.lauzoncollection.com\/fr\/\"},{\"@type\":\"ListItem\",\"position\":2,\"name\":\"Panier\"}]},{\"@type\":\"WebSite\",\"@id\":\"https:\/\/www.lauzoncollection.com\/#website\",\"url\":\"https:\/\/www.lauzoncollection.com\/\",\"name\":\"Lauzon Collection\",\"description\":\"\",\"publisher\":{\"@id\":\"https:\/\/www.lauzoncollection.com\/#organization\"},\"potentialAction\":[{\"@type\":\"SearchAction\",\"target\":{\"@type\":\"EntryPoint\",\"urlTemplate\":\"https:\/\/www.lauzoncollection.com\/?s={search_term_string}\"},\"query-input\":{\"@type\":\"PropertyValueSpecification\",\"valueRequired\":true,\"valueName\":\"search_term_string\"}}],\"inLanguage\":\"fr-CA\"},{\"@type\":\"Organization\",\"@id\":\"https:\/\/www.lauzoncollection.com\/#organization\",\"name\":\"Lauzon Collection\",\"url\":\"https:\/\/www.lauzoncollection.com\/\",\"logo\":{\"@type\":\"ImageObject\",\"inLanguage\":\"fr-CA\",\"@id\":\"https:\/\/www.lauzoncollection.com\/#\/schema\/logo\/image\/\",\"url\":\"https:\/\/www.lauzoncollection.com\/wp-content\/uploads\/2020\/05\/logo_lauzon_FR.png\",\"contentUrl\":\"https:\/\/www.lauzoncollection.com\/wp-content\/uploads\/2020\/05\/logo_lauzon_FR.png\",\"width\":1201,\"height\":1200,\"caption\":\"Lauzon Collection\"},\"image\":{\"@id\":\"https:\/\/www.lauzoncollection.com\/#\/schema\/logo\/image\/\"}}]}<\/script>\n<!-- \/ Yoast SEO plugin. -->","yoast_head_json":{"title":"Panier - Lauzon Collection","robots":{"index":"index","follow":"follow","max-snippet":"max-snippet:-1","max-image-preview":"max-image-preview:large","max-video-preview":"max-video-preview:-1"},"og_locale":"fr_CA","og_type":"article","og_title":"Panier - Lauzon Collection","og_description":"COMMANDE D&rsquo;\u00c9CHANTILLONS Bien que nos produits soient disponibles en plusieurs largeurs et constructions, nos \u00e9chantillons sont offerts dans une seule option, uniquement \u00e0 titre de r\u00e9f\u00e9rence de couleur. Nous prenons en charge les frais de livraison pour l\u2019envoi de 5 \u00e9chantillons gratuits, en \u00e9change d\u2019un don pour un organisme local. &nbsp; Product Price Quantity Subtotal [&hellip;]","og_url":"https:\/\/www.lauzoncollection.com\/cart\/","og_site_name":"Lauzon Collection","article_modified_time":"2026-03-13T16:20:51+00:00","og_image":[{"url":"https:\/\/www.lauzoncollection.com\/wp-content\/uploads\/2021\/10\/hardwood-floor-lauzon-collection-natural-influence-hard-maple-silenzio-1-300x300.jpg","type":"","width":"","height":""}],"twitter_card":"summary_large_image","twitter_misc":{"Estimation du temps de lecture":"3 minutes"},"schema":{"@context":"https:\/\/schema.org","@graph":[{"@type":"WebPage","@id":"https:\/\/www.lauzoncollection.com\/cart\/","url":"https:\/\/www.lauzoncollection.com\/cart\/","name":"Panier - Lauzon Collection","isPartOf":{"@id":"https:\/\/www.lauzoncollection.com\/#website"},"primaryImageOfPage":{"@id":"https:\/\/www.lauzoncollection.com\/cart\/#primaryimage"},"image":{"@id":"https:\/\/www.lauzoncollection.com\/cart\/#primaryimage"},"thumbnailUrl":"https:\/\/www.lauzoncollection.com\/wp-content\/uploads\/2021\/10\/hardwood-floor-lauzon-collection-natural-influence-hard-maple-silenzio-1-300x300.jpg","datePublished":"2022-03-24T15:54:54+00:00","dateModified":"2026-03-13T16:20:51+00:00","breadcrumb":{"@id":"https:\/\/www.lauzoncollection.com\/cart\/#breadcrumb"},"inLanguage":"fr-CA","potentialAction":[{"@type":"ReadAction","target":["https:\/\/www.lauzoncollection.com\/cart\/"]}]},{"@type":"ImageObject","inLanguage":"fr-CA","@id":"https:\/\/www.lauzoncollection.com\/cart\/#primaryimage","url":"https:\/\/www.lauzoncollection.com\/wp-content\/uploads\/2021\/10\/hardwood-floor-lauzon-collection-natural-influence-hard-maple-silenzio-1-300x300.jpg","contentUrl":"https:\/\/www.lauzoncollection.com\/wp-content\/uploads\/2021\/10\/hardwood-floor-lauzon-collection-natural-influence-hard-maple-silenzio-1-300x300.jpg"},{"@type":"BreadcrumbList","@id":"https:\/\/www.lauzoncollection.com\/cart\/#breadcrumb","itemListElement":[{"@type":"ListItem","position":1,"name":"Accueil","item":"https:\/\/www.lauzoncollection.com\/fr\/"},{"@type":"ListItem","position":2,"name":"Panier"}]},{"@type":"WebSite","@id":"https:\/\/www.lauzoncollection.com\/#website","url":"https:\/\/www.lauzoncollection.com\/","name":"Lauzon Collection","description":"","publisher":{"@id":"https:\/\/www.lauzoncollection.com\/#organization"},"potentialAction":[{"@type":"SearchAction","target":{"@type":"EntryPoint","urlTemplate":"https:\/\/www.lauzoncollection.com\/?s={search_term_string}"},"query-input":{"@type":"PropertyValueSpecification","valueRequired":true,"valueName":"search_term_string"}}],"inLanguage":"fr-CA"},{"@type":"Organization","@id":"https:\/\/www.lauzoncollection.com\/#organization","name":"Lauzon Collection","url":"https:\/\/www.lauzoncollection.com\/","logo":{"@type":"ImageObject","inLanguage":"fr-CA","@id":"https:\/\/www.lauzoncollection.com\/#\/schema\/logo\/image\/","url":"https:\/\/www.lauzoncollection.com\/wp-content\/uploads\/2020\/05\/logo_lauzon_FR.png","contentUrl":"https:\/\/www.lauzoncollection.com\/wp-content\/uploads\/2020\/05\/logo_lauzon_FR.png","width":1201,"height":1200,"caption":"Lauzon Collection"},"image":{"@id":"https:\/\/www.lauzoncollection.com\/#\/schema\/logo\/image\/"}}]}},"_links":{"self":[{"href":"https:\/\/www.lauzoncollection.com\/fr\/wp-json\/wp\/v2\/pages\/10656","targetHints":{"allow":["GET"]}}],"collection":[{"href":"https:\/\/www.lauzoncollection.com\/fr\/wp-json\/wp\/v2\/pages"}],"about":[{"href":"https:\/\/www.lauzoncollection.com\/fr\/wp-json\/wp\/v2\/types\/page"}],"author":[{"embeddable":true,"href":"https:\/\/www.lauzoncollection.com\/fr\/wp-json\/wp\/v2\/users\/1"}],"replies":[{"embeddable":true,"href":"https:\/\/www.lauzoncollection.com\/fr\/wp-json\/wp\/v2\/comments?post=10656"}],"version-history":[{"count":19,"href":"https:\/\/www.lauzoncollection.com\/fr\/wp-json\/wp\/v2\/pages\/10656\/revisions"}],"predecessor-version":[{"id":16397,"href":"https:\/\/www.lauzoncollection.com\/fr\/wp-json\/wp\/v2\/pages\/10656\/revisions\/16397"}],"wp:attachment":[{"href":"https:\/\/www.lauzoncollection.com\/fr\/wp-json\/wp\/v2\/media?parent=10656"}],"curies":[{"name":"wp","href":"https:\/\/api.w.org\/{rel}","templated":true}]}}