{"id":10659,"date":"2022-03-24T11:54:54","date_gmt":"2022-03-24T15:54:54","guid":{"rendered":"https:\/\/lauzoncollection.com\/checkout\/"},"modified":"2026-03-17T13:32:42","modified_gmt":"2026-03-17T17:32:42","slug":"commande","status":"publish","type":"page","link":"https:\/\/www.lauzoncollection.com\/fr\/commande\/","title":{"rendered":"Commande"},"content":{"rendered":"\t\t<div data-elementor-type=\"wp-page\" data-elementor-id=\"10659\" class=\"elementor elementor-10659 elementor-10628\" data-elementor-post-type=\"page\">\n\t\t\t\t\t\t<section class=\"elementor-section elementor-top-section elementor-element elementor-element-ce2fbb5 elementor-section-boxed elementor-section-height-default elementor-section-height-default\" data-id=\"ce2fbb5\" data-element_type=\"section\" data-settings=\"{&quot;jet_parallax_layout_list&quot;:[]}\">\n\t\t\t\t\t\t<div class=\"elementor-container elementor-column-gap-default\">\n\t\t\t\t\t<div class=\"elementor-column elementor-col-100 elementor-top-column elementor-element elementor-element-428e4c7\" data-id=\"428e4c7\" data-element_type=\"column\">\n\t\t\t<div class=\"elementor-widget-wrap elementor-element-populated\">\n\t\t\t\t\t\t<div class=\"elementor-element elementor-element-4d1aded elementor-widget elementor-widget-heading\" data-id=\"4d1aded\" data-element_type=\"widget\" data-widget_type=\"heading.default\">\n\t\t\t\t<div class=\"elementor-widget-container\">\n\t\t\t\t\t<h1 class=\"elementor-heading-title elementor-size-default\">PAIEMENT<\/h1>\t\t\t\t<\/div>\n\t\t\t\t<\/div>\n\t\t\t\t<div class=\"elementor-element elementor-element-e92e822 elementor-widget elementor-widget-text-editor\" data-id=\"e92e822\" data-element_type=\"widget\" data-widget_type=\"text-editor.default\">\n\t\t\t\t<div class=\"elementor-widget-container\">\n\t\t\t\t\t\t\t\t\t<p>Bien que nos produits soient disponibles en plusieurs largeurs et constructions, nos \u00e9chantillons sont offerts dans une seule option, uniquement \u00e0 titre de r\u00e9f\u00e9rence de couleur. Nous prenons en charge les frais de livraison pour l\u2019envoi de 5 \u00e9chantillons gratuits, en \u00e9change d\u2019un don pour un organisme local.<\/p>\t\t\t\t\t\t\t\t<\/div>\n\t\t\t\t<\/div>\n\t\t\t\t<div class=\"elementor-element elementor-element-faac381 e-checkout-layout-two-column elementor-widget elementor-widget-woocommerce-checkout-page\" data-id=\"faac381\" data-element_type=\"widget\" data-widget_type=\"woocommerce-checkout-page.default\">\n\t\t\t\t<div class=\"elementor-widget-container\">\n\t\t\t\t\t<div class=\"woocommerce\"><div class=\"woocommerce-notices-wrapper\"><\/div><\/div>\t\t\t\t<\/div>\n\t\t\t\t<\/div>\n\t\t\t\t\t<\/div>\n\t\t<\/div>\n\t\t\t\t\t<\/div>\n\t\t<\/section>\n\t\t\t\t<\/div>\n\t\t","protected":false},"excerpt":{"rendered":"<p>PAIEMENT Bien que nos produits soient disponibles en plusieurs largeurs et constructions, nos \u00e9chantillons sont offerts dans une seule option, uniquement \u00e0 titre de r\u00e9f\u00e9rence de couleur. Nous prenons en charge les frais de livraison pour l\u2019envoi de 5 \u00e9chantillons gratuits, en \u00e9change d\u2019un don pour un organisme local. D\u00e9tails de facturation Pr\u00e9nom&nbsp;* Nom&nbsp;* Country [&hellip;]<\/p>\n","protected":false},"author":1,"featured_media":0,"parent":0,"menu_order":1,"comment_status":"closed","ping_status":"closed","template":"","meta":{"_acf_changed":false,"footnotes":""},"class_list":["post-10659","page","type-page","status-publish","hentry"],"acf":[],"yoast_head":"<!-- This site is optimized with the Yoast SEO plugin v25.2 - https:\/\/yoast.com\/wordpress\/plugins\/seo\/ -->\n<title>Commande - Lauzon Collection<\/title>\n<meta name=\"robots\" content=\"index, follow, max-snippet:-1, max-image-preview:large, max-video-preview:-1\" \/>\n<meta property=\"og:locale\" content=\"fr_CA\" \/>\n<meta property=\"og:type\" content=\"article\" \/>\n<meta property=\"og:title\" content=\"Commande - Lauzon Collection\" \/>\n<meta property=\"og:description\" content=\"PAIEMENT Bien que nos produits soient disponibles en plusieurs largeurs et constructions, nos \u00e9chantillons sont offerts dans une seule option, uniquement \u00e0 titre de r\u00e9f\u00e9rence de couleur. Nous prenons en charge les frais de livraison pour l\u2019envoi de 5 \u00e9chantillons gratuits, en \u00e9change d\u2019un don pour un organisme local. D\u00e9tails de facturation Pr\u00e9nom&nbsp;* Nom&nbsp;* Country [&hellip;]\" \/>\n<meta property=\"og:url\" content=\"https:\/\/www.lauzoncollection.com\/checkout\/\" \/>\n<meta property=\"og:site_name\" content=\"Lauzon Collection\" \/>\n<meta property=\"article:modified_time\" content=\"2026-03-17T17:32:42+00:00\" \/>\n<meta property=\"og:image\" content=\"https:\/\/www.lauzoncollection.com\/wp-content\/plugins\/woocommerce-gateway-stripe\/assets\/images\/cards.svg\" \/>\n<meta name=\"twitter:card\" content=\"summary_large_image\" \/>\n<meta name=\"twitter:label1\" content=\"Estimation du temps de lecture\" \/>\n\t<meta name=\"twitter:data1\" content=\"7 minutes\" \/>\n<script type=\"application\/ld+json\" class=\"yoast-schema-graph\">{\"@context\":\"https:\/\/schema.org\",\"@graph\":[{\"@type\":\"WebPage\",\"@id\":\"https:\/\/www.lauzoncollection.com\/checkout\/\",\"url\":\"https:\/\/www.lauzoncollection.com\/checkout\/\",\"name\":\"Commande - Lauzon Collection\",\"isPartOf\":{\"@id\":\"https:\/\/www.lauzoncollection.com\/#website\"},\"primaryImageOfPage\":{\"@id\":\"https:\/\/www.lauzoncollection.com\/checkout\/#primaryimage\"},\"image\":{\"@id\":\"https:\/\/www.lauzoncollection.com\/checkout\/#primaryimage\"},\"thumbnailUrl\":\"https:\/\/www.lauzoncollection.com\/wp-content\/plugins\/woocommerce-gateway-stripe\/assets\/images\/cards.svg\",\"datePublished\":\"2022-03-24T15:54:54+00:00\",\"dateModified\":\"2026-03-17T17:32:42+00:00\",\"breadcrumb\":{\"@id\":\"https:\/\/www.lauzoncollection.com\/checkout\/#breadcrumb\"},\"inLanguage\":\"fr-CA\",\"potentialAction\":[{\"@type\":\"ReadAction\",\"target\":[\"https:\/\/www.lauzoncollection.com\/checkout\/\"]}]},{\"@type\":\"ImageObject\",\"inLanguage\":\"fr-CA\",\"@id\":\"https:\/\/www.lauzoncollection.com\/checkout\/#primaryimage\",\"url\":\"https:\/\/www.lauzoncollection.com\/wp-content\/plugins\/woocommerce-gateway-stripe\/assets\/images\/cards.svg\",\"contentUrl\":\"https:\/\/www.lauzoncollection.com\/wp-content\/plugins\/woocommerce-gateway-stripe\/assets\/images\/cards.svg\"},{\"@type\":\"BreadcrumbList\",\"@id\":\"https:\/\/www.lauzoncollection.com\/checkout\/#breadcrumb\",\"itemListElement\":[{\"@type\":\"ListItem\",\"position\":1,\"name\":\"Accueil\",\"item\":\"https:\/\/www.lauzoncollection.com\/fr\/\"},{\"@type\":\"ListItem\",\"position\":2,\"name\":\"Commande\"}]},{\"@type\":\"WebSite\",\"@id\":\"https:\/\/www.lauzoncollection.com\/#website\",\"url\":\"https:\/\/www.lauzoncollection.com\/\",\"name\":\"Lauzon Collection\",\"description\":\"\",\"publisher\":{\"@id\":\"https:\/\/www.lauzoncollection.com\/#organization\"},\"potentialAction\":[{\"@type\":\"SearchAction\",\"target\":{\"@type\":\"EntryPoint\",\"urlTemplate\":\"https:\/\/www.lauzoncollection.com\/?s={search_term_string}\"},\"query-input\":{\"@type\":\"PropertyValueSpecification\",\"valueRequired\":true,\"valueName\":\"search_term_string\"}}],\"inLanguage\":\"fr-CA\"},{\"@type\":\"Organization\",\"@id\":\"https:\/\/www.lauzoncollection.com\/#organization\",\"name\":\"Lauzon Collection\",\"url\":\"https:\/\/www.lauzoncollection.com\/\",\"logo\":{\"@type\":\"ImageObject\",\"inLanguage\":\"fr-CA\",\"@id\":\"https:\/\/www.lauzoncollection.com\/#\/schema\/logo\/image\/\",\"url\":\"https:\/\/www.lauzoncollection.com\/wp-content\/uploads\/2020\/05\/logo_lauzon_FR.png\",\"contentUrl\":\"https:\/\/www.lauzoncollection.com\/wp-content\/uploads\/2020\/05\/logo_lauzon_FR.png\",\"width\":1201,\"height\":1200,\"caption\":\"Lauzon Collection\"},\"image\":{\"@id\":\"https:\/\/www.lauzoncollection.com\/#\/schema\/logo\/image\/\"}}]}<\/script>\n<!-- \/ Yoast SEO plugin. -->","yoast_head_json":{"title":"Commande - Lauzon Collection","robots":{"index":"index","follow":"follow","max-snippet":"max-snippet:-1","max-image-preview":"max-image-preview:large","max-video-preview":"max-video-preview:-1"},"og_locale":"fr_CA","og_type":"article","og_title":"Commande - Lauzon Collection","og_description":"PAIEMENT Bien que nos produits soient disponibles en plusieurs largeurs et constructions, nos \u00e9chantillons sont offerts dans une seule option, uniquement \u00e0 titre de r\u00e9f\u00e9rence de couleur. Nous prenons en charge les frais de livraison pour l\u2019envoi de 5 \u00e9chantillons gratuits, en \u00e9change d\u2019un don pour un organisme local. D\u00e9tails de facturation Pr\u00e9nom&nbsp;* Nom&nbsp;* Country [&hellip;]","og_url":"https:\/\/www.lauzoncollection.com\/checkout\/","og_site_name":"Lauzon Collection","article_modified_time":"2026-03-17T17:32:42+00:00","og_image":[{"url":"https:\/\/www.lauzoncollection.com\/wp-content\/plugins\/woocommerce-gateway-stripe\/assets\/images\/cards.svg","type":"","width":"","height":""}],"twitter_card":"summary_large_image","twitter_misc":{"Estimation du temps de lecture":"7 minutes"},"schema":{"@context":"https:\/\/schema.org","@graph":[{"@type":"WebPage","@id":"https:\/\/www.lauzoncollection.com\/checkout\/","url":"https:\/\/www.lauzoncollection.com\/checkout\/","name":"Commande - Lauzon Collection","isPartOf":{"@id":"https:\/\/www.lauzoncollection.com\/#website"},"primaryImageOfPage":{"@id":"https:\/\/www.lauzoncollection.com\/checkout\/#primaryimage"},"image":{"@id":"https:\/\/www.lauzoncollection.com\/checkout\/#primaryimage"},"thumbnailUrl":"https:\/\/www.lauzoncollection.com\/wp-content\/plugins\/woocommerce-gateway-stripe\/assets\/images\/cards.svg","datePublished":"2022-03-24T15:54:54+00:00","dateModified":"2026-03-17T17:32:42+00:00","breadcrumb":{"@id":"https:\/\/www.lauzoncollection.com\/checkout\/#breadcrumb"},"inLanguage":"fr-CA","potentialAction":[{"@type":"ReadAction","target":["https:\/\/www.lauzoncollection.com\/checkout\/"]}]},{"@type":"ImageObject","inLanguage":"fr-CA","@id":"https:\/\/www.lauzoncollection.com\/checkout\/#primaryimage","url":"https:\/\/www.lauzoncollection.com\/wp-content\/plugins\/woocommerce-gateway-stripe\/assets\/images\/cards.svg","contentUrl":"https:\/\/www.lauzoncollection.com\/wp-content\/plugins\/woocommerce-gateway-stripe\/assets\/images\/cards.svg"},{"@type":"BreadcrumbList","@id":"https:\/\/www.lauzoncollection.com\/checkout\/#breadcrumb","itemListElement":[{"@type":"ListItem","position":1,"name":"Accueil","item":"https:\/\/www.lauzoncollection.com\/fr\/"},{"@type":"ListItem","position":2,"name":"Commande"}]},{"@type":"WebSite","@id":"https:\/\/www.lauzoncollection.com\/#website","url":"https:\/\/www.lauzoncollection.com\/","name":"Lauzon Collection","description":"","publisher":{"@id":"https:\/\/www.lauzoncollection.com\/#organization"},"potentialAction":[{"@type":"SearchAction","target":{"@type":"EntryPoint","urlTemplate":"https:\/\/www.lauzoncollection.com\/?s={search_term_string}"},"query-input":{"@type":"PropertyValueSpecification","valueRequired":true,"valueName":"search_term_string"}}],"inLanguage":"fr-CA"},{"@type":"Organization","@id":"https:\/\/www.lauzoncollection.com\/#organization","name":"Lauzon Collection","url":"https:\/\/www.lauzoncollection.com\/","logo":{"@type":"ImageObject","inLanguage":"fr-CA","@id":"https:\/\/www.lauzoncollection.com\/#\/schema\/logo\/image\/","url":"https:\/\/www.lauzoncollection.com\/wp-content\/uploads\/2020\/05\/logo_lauzon_FR.png","contentUrl":"https:\/\/www.lauzoncollection.com\/wp-content\/uploads\/2020\/05\/logo_lauzon_FR.png","width":1201,"height":1200,"caption":"Lauzon Collection"},"image":{"@id":"https:\/\/www.lauzoncollection.com\/#\/schema\/logo\/image\/"}}]}},"_links":{"self":[{"href":"https:\/\/www.lauzoncollection.com\/fr\/wp-json\/wp\/v2\/pages\/10659","targetHints":{"allow":["GET"]}}],"collection":[{"href":"https:\/\/www.lauzoncollection.com\/fr\/wp-json\/wp\/v2\/pages"}],"about":[{"href":"https:\/\/www.lauzoncollection.com\/fr\/wp-json\/wp\/v2\/types\/page"}],"author":[{"embeddable":true,"href":"https:\/\/www.lauzoncollection.com\/fr\/wp-json\/wp\/v2\/users\/1"}],"replies":[{"embeddable":true,"href":"https:\/\/www.lauzoncollection.com\/fr\/wp-json\/wp\/v2\/comments?post=10659"}],"version-history":[{"count":28,"href":"https:\/\/www.lauzoncollection.com\/fr\/wp-json\/wp\/v2\/pages\/10659\/revisions"}],"predecessor-version":[{"id":16610,"href":"https:\/\/www.lauzoncollection.com\/fr\/wp-json\/wp\/v2\/pages\/10659\/revisions\/16610"}],"wp:attachment":[{"href":"https:\/\/www.lauzoncollection.com\/fr\/wp-json\/wp\/v2\/media?parent=10659"}],"curies":[{"name":"wp","href":"https:\/\/api.w.org\/{rel}","templated":true}]}}