{"id":11920,"date":"2022-06-02T13:48:00","date_gmt":"2022-06-02T17:48:00","guid":{"rendered":"https:\/\/lauzoncollection.com\/pure-genius\/"},"modified":"2024-07-03T14:16:49","modified_gmt":"2024-07-03T18:16:49","slug":"pure-genius","status":"publish","type":"page","link":"https:\/\/www.lauzoncollection.com\/fr\/pure-genius\/","title":{"rendered":"Pure Genius"},"content":{"rendered":"\t\t<div data-elementor-type=\"wp-page\" data-elementor-id=\"11920\" class=\"elementor elementor-11920 elementor-11815\" data-elementor-post-type=\"page\">\n\t\t\t\t\t\t<section class=\"elementor-section elementor-top-section elementor-element elementor-element-d30ba66 ph elementor-section-boxed elementor-section-height-default elementor-section-height-default\" data-id=\"d30ba66\" data-element_type=\"section\" data-settings=\"{&quot;jet_parallax_layout_list&quot;:[]}\">\n\t\t\t\t\t\t<div class=\"elementor-container elementor-column-gap-default\">\n\t\t\t\t\t<div class=\"elementor-column elementor-col-100 elementor-top-column elementor-element elementor-element-b637341\" data-id=\"b637341\" data-element_type=\"column\">\n\t\t\t<div class=\"elementor-widget-wrap elementor-element-populated\">\n\t\t\t\t\t\t<div class=\"elementor-element elementor-element-4d69dfb elementor-widget elementor-widget-image\" data-id=\"4d69dfb\" data-element_type=\"widget\" data-widget_type=\"image.default\">\n\t\t\t\t<div class=\"elementor-widget-container\">\n\t\t\t\t\t\t\t\t\t\t\t\t\t\t\t<img fetchpriority=\"high\" decoding=\"async\" width=\"665\" height=\"184\" src=\"https:\/\/www.lauzoncollection.com\/wp-content\/uploads\/2022\/06\/pure-genius-fr.jpg\" class=\"attachment-large size-large wp-image-11930\" alt=\"\" srcset=\"https:\/\/www.lauzoncollection.com\/wp-content\/uploads\/2022\/06\/pure-genius-fr.jpg 665w, https:\/\/www.lauzoncollection.com\/wp-content\/uploads\/2022\/06\/pure-genius-fr-300x83.jpg 300w, https:\/\/www.lauzoncollection.com\/wp-content\/uploads\/2022\/06\/pure-genius-fr-500x138.jpg 500w, https:\/\/www.lauzoncollection.com\/wp-content\/uploads\/2022\/06\/pure-genius-fr-600x166.jpg 600w\" sizes=\"(max-width: 665px) 100vw, 665px\" \/>\t\t\t\t\t\t\t\t\t\t\t\t\t\t\t<\/div>\n\t\t\t\t<\/div>\n\t\t\t\t<div class=\"elementor-element elementor-element-bb66010 elementor-widget elementor-widget-spacer\" data-id=\"bb66010\" data-element_type=\"widget\" data-widget_type=\"spacer.default\">\n\t\t\t\t<div class=\"elementor-widget-container\">\n\t\t\t\t\t\t\t<div class=\"elementor-spacer\">\n\t\t\t<div class=\"elementor-spacer-inner\"><\/div>\n\t\t<\/div>\n\t\t\t\t\t\t<\/div>\n\t\t\t\t<\/div>\n\t\t\t\t<div class=\"elementor-element elementor-element-b193f02 elementor-widget elementor-widget-heading\" data-id=\"b193f02\" data-element_type=\"widget\" data-settings=\"{&quot;_animation&quot;:&quot;none&quot;}\" data-widget_type=\"heading.default\">\n\t\t\t\t<div class=\"elementor-widget-container\">\n\t\t\t\t\t<h1 class=\"elementor-heading-title elementor-size-default\">DE L\u2019AIR PUR. UNE MAISON SAINE.<\/h1>\t\t\t\t<\/div>\n\t\t\t\t<\/div>\n\t\t\t\t\t<\/div>\n\t\t<\/div>\n\t\t\t\t\t<\/div>\n\t\t<\/section>\n\t\t\t\t<section class=\"elementor-section elementor-top-section elementor-element elementor-element-32f9f86 elementor-section-full_width elementor-section-height-min-height elementor-section-height-default elementor-section-items-middle\" data-id=\"32f9f86\" data-element_type=\"section\" data-settings=\"{&quot;jet_parallax_layout_list&quot;:[],&quot;background_background&quot;:&quot;classic&quot;}\">\n\t\t\t\t\t\t<div class=\"elementor-container elementor-column-gap-default\">\n\t\t\t\t\t<div class=\"elementor-column elementor-col-100 elementor-top-column elementor-element elementor-element-d75ee8c\" data-id=\"d75ee8c\" data-element_type=\"column\">\n\t\t\t<div class=\"elementor-widget-wrap\">\n\t\t\t\t\t\t\t<\/div>\n\t\t<\/div>\n\t\t\t\t\t<\/div>\n\t\t<\/section>\n\t\t\t\t<section class=\"elementor-section elementor-top-section elementor-element elementor-element-7f2a345 ph elementor-section-boxed elementor-section-height-default elementor-section-height-default\" data-id=\"7f2a345\" data-element_type=\"section\" data-settings=\"{&quot;jet_parallax_layout_list&quot;:[]}\">\n\t\t\t\t\t\t<div class=\"elementor-container elementor-column-gap-default\">\n\t\t\t\t\t<div class=\"elementor-column elementor-col-100 elementor-top-column elementor-element elementor-element-f59f6c6\" data-id=\"f59f6c6\" data-element_type=\"column\">\n\t\t\t<div class=\"elementor-widget-wrap elementor-element-populated\">\n\t\t\t\t\t\t<div class=\"elementor-element elementor-element-fa8d2b4 elementor-widget__width-initial elementor-widget elementor-widget-text-editor\" data-id=\"fa8d2b4\" data-element_type=\"widget\" data-settings=\"{&quot;_animation&quot;:&quot;none&quot;}\" data-widget_type=\"text-editor.default\">\n\t\t\t\t<div class=\"elementor-widget-container\">\n\t\t\t\t\t\t\t\t\tIl y a une bouff\u00e9e d\u2019air frais dans le paysage. L\u2019ajout du Pure Genius<sup>MC<\/sup>\u00a0\u00e0 notre fini Titanium<sup>MC<\/sup> transforme plancher en surface active qui purifie l\u2019air ambiant d\u2019une pi\u00e8ce.\t\t\t\t\t\t\t\t<\/div>\n\t\t\t\t<\/div>\n\t\t\t\t\t<\/div>\n\t\t<\/div>\n\t\t\t\t\t<\/div>\n\t\t<\/section>\n\t\t\t\t<section class=\"elementor-section elementor-top-section elementor-element elementor-element-5fab0dc elementor-section-full_width elementor-section-height-min-height elementor-section-items-stretch elementor-section-height-default\" data-id=\"5fab0dc\" data-element_type=\"section\" data-settings=\"{&quot;jet_parallax_layout_list&quot;:[],&quot;background_background&quot;:&quot;classic&quot;}\">\n\t\t\t\t\t\t<div class=\"elementor-container elementor-column-gap-default\">\n\t\t\t\t\t<div class=\"elementor-column elementor-col-50 elementor-top-column elementor-element elementor-element-9f14f95 elementor-hidden-tablet elementor-hidden-mobile\" data-id=\"9f14f95\" data-element_type=\"column\">\n\t\t\t<div class=\"elementor-widget-wrap\">\n\t\t\t\t\t\t\t<\/div>\n\t\t<\/div>\n\t\t\t\t<div class=\"elementor-column elementor-col-50 elementor-top-column elementor-element elementor-element-fa76417\" data-id=\"fa76417\" data-element_type=\"column\" data-settings=\"{&quot;background_background&quot;:&quot;classic&quot;}\">\n\t\t\t<div class=\"elementor-widget-wrap elementor-element-populated\">\n\t\t\t\t\t\t<div class=\"elementor-element elementor-element-e957477 elementor-widget elementor-widget-heading\" data-id=\"e957477\" data-element_type=\"widget\" data-widget_type=\"heading.default\">\n\t\t\t\t<div class=\"elementor-widget-container\">\n\t\t\t\t\t<h2 class=\"elementor-heading-title elementor-size-default\">LE BIEN-\u00caTRE EST<br>UN \u00c9TAT D\u2019ESPRIT <\/h2>\t\t\t\t<\/div>\n\t\t\t\t<\/div>\n\t\t\t\t<div class=\"elementor-element elementor-element-3bd7f38 elementor-widget elementor-widget-text-editor\" data-id=\"3bd7f38\" data-element_type=\"widget\" data-settings=\"{&quot;_animation&quot;:&quot;none&quot;}\" data-widget_type=\"text-editor.default\">\n\t\t\t\t<div class=\"elementor-widget-container\">\n\t\t\t\t\t\t\t\t\t<p>Une id\u00e9e de g\u00e9nie et une pure innovation cr\u00e9\u00e9e gr\u00e2ce au savoir-faire unique de Lauzon.<\/p><p>Les planchers de bois naturel sont autant plaisants \u00e0 l\u2019\u0153il qu\u2019apaisants pour l\u2019esprit. Mais aussi beaux soient-ils, tous plancher est aussi une surface importante de notre milieu de vie o\u00f9 s\u2019accumulent bact\u00e9ries et contaminants. Ne serait-il pas g\u00e9nial s\u2019il \u00e9tait possible d\u2019inverser la situation et de convertir les planchers en nettoyeurs g\u00e9ants qui pourraient non seulement s\u2019autopurifi\u00e9s, mais aussi purifier l\u2019air ambiant que nous respirons ?<\/p><p>Et bien, voil\u00e0! Bienvenu dans le monde des planchers Pure Genius, les seuls planchers de bois franc purificateur d\u2019air au monde.<\/p>\t\t\t\t\t\t\t\t<\/div>\n\t\t\t\t<\/div>\n\t\t\t\t\t<\/div>\n\t\t<\/div>\n\t\t\t\t\t<\/div>\n\t\t<\/section>\n\t\t\t\t<section class=\"elementor-section elementor-top-section elementor-element elementor-element-df0aa57 ph elementor-section-boxed elementor-section-height-default elementor-section-height-default\" data-id=\"df0aa57\" data-element_type=\"section\" data-settings=\"{&quot;jet_parallax_layout_list&quot;:[]}\">\n\t\t\t\t\t\t<div class=\"elementor-container elementor-column-gap-default\">\n\t\t\t\t\t<div class=\"elementor-column elementor-col-100 elementor-top-column elementor-element elementor-element-45c7383\" data-id=\"45c7383\" data-element_type=\"column\">\n\t\t\t<div class=\"elementor-widget-wrap elementor-element-populated\">\n\t\t\t\t\t\t<div class=\"elementor-element elementor-element-caf09e3 elementor-widget elementor-widget-heading\" data-id=\"caf09e3\" data-element_type=\"widget\" data-widget_type=\"heading.default\">\n\t\t\t\t<div class=\"elementor-widget-container\">\n\t\t\t\t\t<h1 class=\"elementor-heading-title elementor-size-default\">LA PUISSANCE MAGIQUE<br> DE LA NATURE<\/h1>\t\t\t\t<\/div>\n\t\t\t\t<\/div>\n\t\t\t\t\t<\/div>\n\t\t<\/div>\n\t\t\t\t\t<\/div>\n\t\t<\/section>\n\t\t\t\t<section class=\"elementor-section elementor-top-section elementor-element elementor-element-9981341 elementor-section-full_width elementor-section-height-min-height elementor-section-height-default elementor-section-items-middle\" data-id=\"9981341\" data-element_type=\"section\" data-settings=\"{&quot;jet_parallax_layout_list&quot;:[],&quot;background_background&quot;:&quot;classic&quot;}\">\n\t\t\t\t\t\t<div class=\"elementor-container elementor-column-gap-default\">\n\t\t\t\t\t<div class=\"elementor-column elementor-col-100 elementor-top-column elementor-element elementor-element-b084522\" data-id=\"b084522\" data-element_type=\"column\">\n\t\t\t<div class=\"elementor-widget-wrap\">\n\t\t\t\t\t\t\t<\/div>\n\t\t<\/div>\n\t\t\t\t\t<\/div>\n\t\t<\/section>\n\t\t\t\t<section class=\"elementor-section elementor-top-section elementor-element elementor-element-47a427f ph elementor-section-boxed elementor-section-height-default elementor-section-height-default\" data-id=\"47a427f\" data-element_type=\"section\" data-settings=\"{&quot;jet_parallax_layout_list&quot;:[]}\">\n\t\t\t\t\t\t<div class=\"elementor-container elementor-column-gap-default\">\n\t\t\t\t\t<div class=\"elementor-column elementor-col-100 elementor-top-column elementor-element elementor-element-a894d8b\" data-id=\"a894d8b\" data-element_type=\"column\">\n\t\t\t<div class=\"elementor-widget-wrap elementor-element-populated\">\n\t\t\t\t\t\t<div class=\"elementor-element elementor-element-a04bd04 elementor-widget elementor-widget-heading\" data-id=\"a04bd04\" data-element_type=\"widget\" data-widget_type=\"heading.default\">\n\t\t\t\t<div class=\"elementor-widget-container\">\n\t\t\t\t\t<h2 class=\"elementor-heading-title elementor-size-default\">COMMENT\u00a0\u00c7A FONCTIONNE<\/h2>\t\t\t\t<\/div>\n\t\t\t\t<\/div>\n\t\t\t\t<div class=\"elementor-element elementor-element-ea9e017 elementor-widget elementor-widget-text-editor\" data-id=\"ea9e017\" data-element_type=\"widget\" data-settings=\"{&quot;_animation&quot;:&quot;none&quot;}\" data-widget_type=\"text-editor.default\">\n\t\t\t\t<div class=\"elementor-widget-container\">\n\t\t\t\t\t\t\t\t\t<p>Les agents du Pure Genius sont incrust\u00e9s \u00e0 la surface du fini Titanium\u00a0et s\u2019activent sous l\u2019effet de la lumi\u00e8re naturelle ou artificielle (photocatalytiques) pour purifier jusqu\u2019\u00e0 85% de l\u2019air, selon les diff\u00e9rentes conditions.<\/p><p>Les mol\u00e9cules de Pure Genius interagissent avec celles des composantes nuisibles lorsqu\u2019elles viennent en contact avec le sol (VOC, formald\u00e9hyde, odeurs, etc.) et les d\u00e9composent naturellement en mol\u00e9cules inoffensives d\u2019eau et de carbone.<\/p>\t\t\t\t\t\t\t\t<\/div>\n\t\t\t\t<\/div>\n\t\t\t\t<section class=\"elementor-section elementor-inner-section elementor-element elementor-element-def13f7 elementor-section-boxed elementor-section-height-default elementor-section-height-default\" data-id=\"def13f7\" data-element_type=\"section\" data-settings=\"{&quot;jet_parallax_layout_list&quot;:[{&quot;jet_parallax_layout_image&quot;:{&quot;url&quot;:&quot;&quot;,&quot;id&quot;:&quot;&quot;,&quot;size&quot;:&quot;&quot;},&quot;_id&quot;:&quot;bf021e3&quot;,&quot;jet_parallax_layout_image_tablet&quot;:{&quot;url&quot;:&quot;&quot;,&quot;id&quot;:&quot;&quot;,&quot;size&quot;:&quot;&quot;},&quot;jet_parallax_layout_image_mobile&quot;:{&quot;url&quot;:&quot;&quot;,&quot;id&quot;:&quot;&quot;,&quot;size&quot;:&quot;&quot;},&quot;jet_parallax_layout_speed&quot;:{&quot;unit&quot;:&quot;%&quot;,&quot;size&quot;:50,&quot;sizes&quot;:[]},&quot;jet_parallax_layout_type&quot;:&quot;scroll&quot;,&quot;jet_parallax_layout_direction&quot;:null,&quot;jet_parallax_layout_fx_direction&quot;:null,&quot;jet_parallax_layout_z_index&quot;:&quot;&quot;,&quot;jet_parallax_layout_bg_x&quot;:50,&quot;jet_parallax_layout_bg_x_tablet&quot;:&quot;&quot;,&quot;jet_parallax_layout_bg_x_mobile&quot;:&quot;&quot;,&quot;jet_parallax_layout_bg_y&quot;:50,&quot;jet_parallax_layout_bg_y_tablet&quot;:&quot;&quot;,&quot;jet_parallax_layout_bg_y_mobile&quot;:&quot;&quot;,&quot;jet_parallax_layout_bg_size&quot;:&quot;auto&quot;,&quot;jet_parallax_layout_bg_size_tablet&quot;:&quot;&quot;,&quot;jet_parallax_layout_bg_size_mobile&quot;:&quot;&quot;,&quot;jet_parallax_layout_animation_prop&quot;:&quot;transform&quot;,&quot;jet_parallax_layout_on&quot;:[&quot;desktop&quot;,&quot;tablet&quot;]}]}\">\n\t\t\t\t\t\t<div class=\"elementor-container elementor-column-gap-default\">\n\t\t\t\t\t<div class=\"elementor-column elementor-col-50 elementor-inner-column elementor-element elementor-element-06c648f\" data-id=\"06c648f\" data-element_type=\"column\">\n\t\t\t<div class=\"elementor-widget-wrap elementor-element-populated\">\n\t\t\t\t\t\t<div class=\"elementor-element elementor-element-04c0c9b elementor-widget elementor-widget-video\" data-id=\"04c0c9b\" data-element_type=\"widget\" data-settings=\"{&quot;youtube_url&quot;:&quot;https:\\\/\\\/www.youtube.com\\\/watch?v=1CA6CuDlEYA&amp;t=16ssQ&quot;,&quot;video_type&quot;:&quot;youtube&quot;,&quot;controls&quot;:&quot;yes&quot;}\" data-widget_type=\"video.default\">\n\t\t\t\t<div class=\"elementor-widget-container\">\n\t\t\t\t\t\t\t<div class=\"elementor-wrapper elementor-open-inline\">\n\t\t\t<div class=\"elementor-video\"><\/div>\t\t<\/div>\n\t\t\t\t\t\t<\/div>\n\t\t\t\t<\/div>\n\t\t\t\t\t<\/div>\n\t\t<\/div>\n\t\t\t\t<div class=\"elementor-column elementor-col-50 elementor-inner-column elementor-element elementor-element-baa4f37\" data-id=\"baa4f37\" data-element_type=\"column\">\n\t\t\t<div class=\"elementor-widget-wrap elementor-element-populated\">\n\t\t\t\t\t\t<div class=\"elementor-element elementor-element-698a2fa elementor-widget elementor-widget-video\" data-id=\"698a2fa\" data-element_type=\"widget\" data-settings=\"{&quot;youtube_url&quot;:&quot;https:\\\/\\\/www.youtube.com\\\/watch?v=FpTvOfTMK7w&amp;t=2s&quot;,&quot;video_type&quot;:&quot;youtube&quot;,&quot;controls&quot;:&quot;yes&quot;}\" data-widget_type=\"video.default\">\n\t\t\t\t<div class=\"elementor-widget-container\">\n\t\t\t\t\t\t\t<div class=\"elementor-wrapper elementor-open-inline\">\n\t\t\t<div class=\"elementor-video\"><\/div>\t\t<\/div>\n\t\t\t\t\t\t<\/div>\n\t\t\t\t<\/div>\n\t\t\t\t\t<\/div>\n\t\t<\/div>\n\t\t\t\t\t<\/div>\n\t\t<\/section>\n\t\t\t\t\t<\/div>\n\t\t<\/div>\n\t\t\t\t\t<\/div>\n\t\t<\/section>\n\t\t\t\t<section class=\"elementor-section elementor-top-section elementor-element elementor-element-9770b5c elementor-section-full_width elementor-section-height-min-height elementor-section-items-stretch elementor-section-height-default\" data-id=\"9770b5c\" data-element_type=\"section\" data-settings=\"{&quot;jet_parallax_layout_list&quot;:[],&quot;background_background&quot;:&quot;classic&quot;}\">\n\t\t\t\t\t\t<div class=\"elementor-container elementor-column-gap-default\">\n\t\t\t\t\t<div class=\"elementor-column elementor-col-50 elementor-top-column elementor-element elementor-element-d186bf7\" data-id=\"d186bf7\" data-element_type=\"column\" data-settings=\"{&quot;background_background&quot;:&quot;classic&quot;}\">\n\t\t\t<div class=\"elementor-widget-wrap elementor-element-populated\">\n\t\t\t\t\t\t<div class=\"elementor-element elementor-element-2fda85a elementor-widget elementor-widget-heading\" data-id=\"2fda85a\" data-element_type=\"widget\" data-widget_type=\"heading.default\">\n\t\t\t\t<div class=\"elementor-widget-container\">\n\t\t\t\t\t<h2 class=\"elementor-heading-title elementor-size-default\">POUR UN CHEZ-SOI <br>O\u00d9 IL FAIT BON VIVRE<\/h2>\t\t\t\t<\/div>\n\t\t\t\t<\/div>\n\t\t\t\t<div class=\"elementor-element elementor-element-805acc0 elementor-widget elementor-widget-text-editor\" data-id=\"805acc0\" data-element_type=\"widget\" data-settings=\"{&quot;_animation&quot;:&quot;none&quot;}\" data-widget_type=\"text-editor.default\">\n\t\t\t\t<div class=\"elementor-widget-container\">\n\t\t\t\t\t\t\t\t\t<p><strong>Les b\u00e9n\u00e9fices<\/strong><\/p><ul><li>Des planchers sans contaminants et sans rien avoir \u00e0 faire.<\/li><li>De l\u2019air pur \u00e0 85%.<\/li><li>\u00c9limination ou forte r\u00e9duction des odeurs.<\/li><li>Une protection accrue contre l\u2019eau et les liquides.<\/li><\/ul>\t\t\t\t\t\t\t\t<\/div>\n\t\t\t\t<\/div>\n\t\t\t\t\t<\/div>\n\t\t<\/div>\n\t\t\t\t<div class=\"elementor-column elementor-col-50 elementor-top-column elementor-element elementor-element-ff62d09 elementor-hidden-tablet elementor-hidden-mobile\" data-id=\"ff62d09\" data-element_type=\"column\">\n\t\t\t<div class=\"elementor-widget-wrap\">\n\t\t\t\t\t\t\t<\/div>\n\t\t<\/div>\n\t\t\t\t\t<\/div>\n\t\t<\/section>\n\t\t\t\t<\/div>\n\t\t","protected":false},"excerpt":{"rendered":"<p>DE L\u2019AIR PUR. UNE MAISON SAINE. Il y a une bouff\u00e9e d\u2019air frais dans le paysage. L\u2019ajout du Pure GeniusMC\u00a0\u00e0 notre fini TitaniumMC transforme plancher en surface active qui purifie l\u2019air ambiant d\u2019une pi\u00e8ce. LE BIEN-\u00caTRE ESTUN \u00c9TAT D\u2019ESPRIT Une id\u00e9e de g\u00e9nie et une pure innovation cr\u00e9\u00e9e gr\u00e2ce au savoir-faire unique de Lauzon. Les [&hellip;]<\/p>\n","protected":false},"author":1,"featured_media":0,"parent":0,"menu_order":0,"comment_status":"closed","ping_status":"closed","template":"elementor_header_footer","meta":{"_acf_changed":false,"footnotes":""},"class_list":["post-11920","page","type-page","status-publish","hentry"],"acf":[],"yoast_head":"<!-- This site is optimized with the Yoast SEO plugin v25.2 - https:\/\/yoast.com\/wordpress\/plugins\/seo\/ -->\n<title>Pure Genius - Lauzon Collection<\/title>\n<meta name=\"robots\" content=\"index, follow, max-snippet:-1, max-image-preview:large, max-video-preview:-1\" \/>\n<meta property=\"og:locale\" content=\"fr_CA\" \/>\n<meta property=\"og:type\" content=\"article\" \/>\n<meta property=\"og:title\" content=\"Pure Genius - Lauzon Collection\" \/>\n<meta property=\"og:description\" content=\"DE L\u2019AIR PUR. UNE MAISON SAINE. Il y a une bouff\u00e9e d\u2019air frais dans le paysage. L\u2019ajout du Pure GeniusMC\u00a0\u00e0 notre fini TitaniumMC transforme plancher en surface active qui purifie l\u2019air ambiant d\u2019une pi\u00e8ce. LE BIEN-\u00caTRE ESTUN \u00c9TAT D\u2019ESPRIT Une id\u00e9e de g\u00e9nie et une pure innovation cr\u00e9\u00e9e gr\u00e2ce au savoir-faire unique de Lauzon. Les [&hellip;]\" \/>\n<meta property=\"og:url\" content=\"https:\/\/www.lauzoncollection.com\/pure-genius\/\" \/>\n<meta property=\"og:site_name\" content=\"Lauzon Collection\" \/>\n<meta property=\"article:modified_time\" content=\"2024-07-03T18:16:49+00:00\" \/>\n<meta property=\"og:image\" content=\"https:\/\/lauzoncollection.com\/wp-content\/uploads\/2022\/06\/pure-genius-fr.jpg\" \/>\n<meta name=\"twitter:card\" content=\"summary_large_image\" \/>\n<meta name=\"twitter:label1\" content=\"Estimation du temps de lecture\" \/>\n\t<meta name=\"twitter:data1\" content=\"2 minutes\" \/>\n<script type=\"application\/ld+json\" class=\"yoast-schema-graph\">{\"@context\":\"https:\/\/schema.org\",\"@graph\":[{\"@type\":\"WebPage\",\"@id\":\"https:\/\/www.lauzoncollection.com\/pure-genius\/\",\"url\":\"https:\/\/www.lauzoncollection.com\/pure-genius\/\",\"name\":\"Pure Genius - Lauzon Collection\",\"isPartOf\":{\"@id\":\"https:\/\/www.lauzoncollection.com\/#website\"},\"primaryImageOfPage\":{\"@id\":\"https:\/\/www.lauzoncollection.com\/pure-genius\/#primaryimage\"},\"image\":{\"@id\":\"https:\/\/www.lauzoncollection.com\/pure-genius\/#primaryimage\"},\"thumbnailUrl\":\"https:\/\/lauzoncollection.com\/wp-content\/uploads\/2022\/06\/pure-genius-fr.jpg\",\"datePublished\":\"2022-06-02T17:48:00+00:00\",\"dateModified\":\"2024-07-03T18:16:49+00:00\",\"breadcrumb\":{\"@id\":\"https:\/\/www.lauzoncollection.com\/pure-genius\/#breadcrumb\"},\"inLanguage\":\"fr-CA\",\"potentialAction\":[{\"@type\":\"ReadAction\",\"target\":[\"https:\/\/www.lauzoncollection.com\/pure-genius\/\"]}]},{\"@type\":\"ImageObject\",\"inLanguage\":\"fr-CA\",\"@id\":\"https:\/\/www.lauzoncollection.com\/pure-genius\/#primaryimage\",\"url\":\"https:\/\/lauzoncollection.com\/wp-content\/uploads\/2022\/06\/pure-genius-fr.jpg\",\"contentUrl\":\"https:\/\/lauzoncollection.com\/wp-content\/uploads\/2022\/06\/pure-genius-fr.jpg\"},{\"@type\":\"BreadcrumbList\",\"@id\":\"https:\/\/www.lauzoncollection.com\/pure-genius\/#breadcrumb\",\"itemListElement\":[{\"@type\":\"ListItem\",\"position\":1,\"name\":\"Accueil\",\"item\":\"https:\/\/www.lauzoncollection.com\/fr\/\"},{\"@type\":\"ListItem\",\"position\":2,\"name\":\"Pure Genius\"}]},{\"@type\":\"WebSite\",\"@id\":\"https:\/\/www.lauzoncollection.com\/#website\",\"url\":\"https:\/\/www.lauzoncollection.com\/\",\"name\":\"Lauzon Collection\",\"description\":\"\",\"publisher\":{\"@id\":\"https:\/\/www.lauzoncollection.com\/#organization\"},\"potentialAction\":[{\"@type\":\"SearchAction\",\"target\":{\"@type\":\"EntryPoint\",\"urlTemplate\":\"https:\/\/www.lauzoncollection.com\/?s={search_term_string}\"},\"query-input\":{\"@type\":\"PropertyValueSpecification\",\"valueRequired\":true,\"valueName\":\"search_term_string\"}}],\"inLanguage\":\"fr-CA\"},{\"@type\":\"Organization\",\"@id\":\"https:\/\/www.lauzoncollection.com\/#organization\",\"name\":\"Lauzon Collection\",\"url\":\"https:\/\/www.lauzoncollection.com\/\",\"logo\":{\"@type\":\"ImageObject\",\"inLanguage\":\"fr-CA\",\"@id\":\"https:\/\/www.lauzoncollection.com\/#\/schema\/logo\/image\/\",\"url\":\"https:\/\/www.lauzoncollection.com\/wp-content\/uploads\/2020\/05\/logo_lauzon_FR.png\",\"contentUrl\":\"https:\/\/www.lauzoncollection.com\/wp-content\/uploads\/2020\/05\/logo_lauzon_FR.png\",\"width\":1201,\"height\":1200,\"caption\":\"Lauzon Collection\"},\"image\":{\"@id\":\"https:\/\/www.lauzoncollection.com\/#\/schema\/logo\/image\/\"}}]}<\/script>\n<!-- \/ Yoast SEO plugin. -->","yoast_head_json":{"title":"Pure Genius - Lauzon Collection","robots":{"index":"index","follow":"follow","max-snippet":"max-snippet:-1","max-image-preview":"max-image-preview:large","max-video-preview":"max-video-preview:-1"},"og_locale":"fr_CA","og_type":"article","og_title":"Pure Genius - Lauzon Collection","og_description":"DE L\u2019AIR PUR. UNE MAISON SAINE. Il y a une bouff\u00e9e d\u2019air frais dans le paysage. L\u2019ajout du Pure GeniusMC\u00a0\u00e0 notre fini TitaniumMC transforme plancher en surface active qui purifie l\u2019air ambiant d\u2019une pi\u00e8ce. LE BIEN-\u00caTRE ESTUN \u00c9TAT D\u2019ESPRIT Une id\u00e9e de g\u00e9nie et une pure innovation cr\u00e9\u00e9e gr\u00e2ce au savoir-faire unique de Lauzon. Les [&hellip;]","og_url":"https:\/\/www.lauzoncollection.com\/pure-genius\/","og_site_name":"Lauzon Collection","article_modified_time":"2024-07-03T18:16:49+00:00","og_image":[{"url":"https:\/\/lauzoncollection.com\/wp-content\/uploads\/2022\/06\/pure-genius-fr.jpg","type":"","width":"","height":""}],"twitter_card":"summary_large_image","twitter_misc":{"Estimation du temps de lecture":"2 minutes"},"schema":{"@context":"https:\/\/schema.org","@graph":[{"@type":"WebPage","@id":"https:\/\/www.lauzoncollection.com\/pure-genius\/","url":"https:\/\/www.lauzoncollection.com\/pure-genius\/","name":"Pure Genius - Lauzon Collection","isPartOf":{"@id":"https:\/\/www.lauzoncollection.com\/#website"},"primaryImageOfPage":{"@id":"https:\/\/www.lauzoncollection.com\/pure-genius\/#primaryimage"},"image":{"@id":"https:\/\/www.lauzoncollection.com\/pure-genius\/#primaryimage"},"thumbnailUrl":"https:\/\/lauzoncollection.com\/wp-content\/uploads\/2022\/06\/pure-genius-fr.jpg","datePublished":"2022-06-02T17:48:00+00:00","dateModified":"2024-07-03T18:16:49+00:00","breadcrumb":{"@id":"https:\/\/www.lauzoncollection.com\/pure-genius\/#breadcrumb"},"inLanguage":"fr-CA","potentialAction":[{"@type":"ReadAction","target":["https:\/\/www.lauzoncollection.com\/pure-genius\/"]}]},{"@type":"ImageObject","inLanguage":"fr-CA","@id":"https:\/\/www.lauzoncollection.com\/pure-genius\/#primaryimage","url":"https:\/\/lauzoncollection.com\/wp-content\/uploads\/2022\/06\/pure-genius-fr.jpg","contentUrl":"https:\/\/lauzoncollection.com\/wp-content\/uploads\/2022\/06\/pure-genius-fr.jpg"},{"@type":"BreadcrumbList","@id":"https:\/\/www.lauzoncollection.com\/pure-genius\/#breadcrumb","itemListElement":[{"@type":"ListItem","position":1,"name":"Accueil","item":"https:\/\/www.lauzoncollection.com\/fr\/"},{"@type":"ListItem","position":2,"name":"Pure Genius"}]},{"@type":"WebSite","@id":"https:\/\/www.lauzoncollection.com\/#website","url":"https:\/\/www.lauzoncollection.com\/","name":"Lauzon Collection","description":"","publisher":{"@id":"https:\/\/www.lauzoncollection.com\/#organization"},"potentialAction":[{"@type":"SearchAction","target":{"@type":"EntryPoint","urlTemplate":"https:\/\/www.lauzoncollection.com\/?s={search_term_string}"},"query-input":{"@type":"PropertyValueSpecification","valueRequired":true,"valueName":"search_term_string"}}],"inLanguage":"fr-CA"},{"@type":"Organization","@id":"https:\/\/www.lauzoncollection.com\/#organization","name":"Lauzon Collection","url":"https:\/\/www.lauzoncollection.com\/","logo":{"@type":"ImageObject","inLanguage":"fr-CA","@id":"https:\/\/www.lauzoncollection.com\/#\/schema\/logo\/image\/","url":"https:\/\/www.lauzoncollection.com\/wp-content\/uploads\/2020\/05\/logo_lauzon_FR.png","contentUrl":"https:\/\/www.lauzoncollection.com\/wp-content\/uploads\/2020\/05\/logo_lauzon_FR.png","width":1201,"height":1200,"caption":"Lauzon Collection"},"image":{"@id":"https:\/\/www.lauzoncollection.com\/#\/schema\/logo\/image\/"}}]}},"_links":{"self":[{"href":"https:\/\/www.lauzoncollection.com\/fr\/wp-json\/wp\/v2\/pages\/11920","targetHints":{"allow":["GET"]}}],"collection":[{"href":"https:\/\/www.lauzoncollection.com\/fr\/wp-json\/wp\/v2\/pages"}],"about":[{"href":"https:\/\/www.lauzoncollection.com\/fr\/wp-json\/wp\/v2\/types\/page"}],"author":[{"embeddable":true,"href":"https:\/\/www.lauzoncollection.com\/fr\/wp-json\/wp\/v2\/users\/1"}],"replies":[{"embeddable":true,"href":"https:\/\/www.lauzoncollection.com\/fr\/wp-json\/wp\/v2\/comments?post=11920"}],"version-history":[{"count":10,"href":"https:\/\/www.lauzoncollection.com\/fr\/wp-json\/wp\/v2\/pages\/11920\/revisions"}],"predecessor-version":[{"id":14325,"href":"https:\/\/www.lauzoncollection.com\/fr\/wp-json\/wp\/v2\/pages\/11920\/revisions\/14325"}],"wp:attachment":[{"href":"https:\/\/www.lauzoncollection.com\/fr\/wp-json\/wp\/v2\/media?parent=11920"}],"curies":[{"name":"wp","href":"https:\/\/api.w.org\/{rel}","templated":true}]}}