{"id":14372,"date":"2024-10-09T10:24:32","date_gmt":"2024-10-09T14:24:32","guid":{"rendered":"https:\/\/lauzoncollection.com\/?page_id=14372"},"modified":"2024-10-29T09:12:53","modified_gmt":"2024-10-29T13:12:53","slug":"certification-floorscore","status":"publish","type":"page","link":"https:\/\/www.lauzoncollection.com\/fr\/certification-floorscore\/","title":{"rendered":"Certification FloorScore"},"content":{"rendered":"\t\t<div data-elementor-type=\"wp-page\" data-elementor-id=\"14372\" class=\"elementor elementor-14372 elementor-14359\" data-elementor-post-type=\"page\">\n\t\t\t\t\t\t<section class=\"elementor-section elementor-top-section elementor-element elementor-element-090c360 elementor-section-boxed elementor-section-height-default elementor-section-height-default\" data-id=\"090c360\" data-element_type=\"section\" data-settings=\"{&quot;jet_parallax_layout_list&quot;:[]}\">\n\t\t\t\t\t\t<div class=\"elementor-container elementor-column-gap-default\">\n\t\t\t\t\t<div class=\"elementor-column elementor-col-100 elementor-top-column elementor-element elementor-element-c0a4437\" data-id=\"c0a4437\" data-element_type=\"column\">\n\t\t\t<div class=\"elementor-widget-wrap elementor-element-populated\">\n\t\t\t\t\t\t<div class=\"elementor-element elementor-element-30b06b4 elementor-widget elementor-widget-text-editor\" data-id=\"30b06b4\" data-element_type=\"widget\" data-widget_type=\"text-editor.default\">\n\t\t\t\t<div class=\"elementor-widget-container\">\n\t\t\t\t\t\t\t\t\t<h2>Certification FloorScore<\/h2><h5><strong>Que repr\u00e9sente la certification FloorScore\u00ae ?<\/strong><\/h5><p>\u00a0<\/p><p>FloorScore\u00ae est la principale certification de la qualit\u00e9 de l&rsquo;air int\u00e9rieur (QIA) pour les mat\u00e9riaux de rev\u00eatement de sol dur, les adh\u00e9sifs et les sous-couches. Il s&rsquo;agit d&rsquo;un programme de certification volontaire et ind\u00e9pendant qui \u00e9value et certifie ces produits pour s&rsquo;assurer qu&rsquo;ils respectent les normes strictes d&rsquo;\u00e9missions de compos\u00e9s organiques volatils (COV) en int\u00e9rieur, telles que d\u00e9finies par la Californie en raison de leurs impacts potentiels sur la sant\u00e9. Les produits certifi\u00e9s FloorScore\u00ae r\u00e9pondent aux crit\u00e8res de qualit\u00e9 de l&rsquo;air int\u00e9rieur des principales normes de construction \u00e9cologique, notamment LEED, LEED v4.1, WELL, BREEAM, CHPS et Green Globes, et sont reconnus par de nombreux autres programmes de construction saine.<\/p><h5><strong>Produits Certifi\u00e9s :<\/strong><\/h5><p>Nous avons obtenu la certification FloorScore pour les trois lignes de produits suivants :<\/p><ul><li>Construction ing\u00e9nierie multi-plis (Ch\u00eane blanc 8 pouces seulement)\u00a0\u00a0<\/li><\/ul><h5><strong>Pourquoi cette Certification est-elle Importante ?<\/strong><\/h5><ol><li><strong>Absence de Formald\u00e9hyde :<\/strong> Bien que nous savions depuis toujours que nos produits n\u2019\u00e9mettent pas de formald\u00e9hyde, la certification FloorScore le confirme officiellement, garantissant \u00e0 nos clients un produit sans risques pour leur sant\u00e9.<\/li><li><strong>Syst\u00e8me de Qualit\u00e9 Robuste :<\/strong> FloorScore atteste de notre solide gestion de la qualit\u00e9, incluant\u00a0:<\/li><\/ol><ul><li>Une identification et une correction efficaces des probl\u00e8mes.<\/li><li>Un excellent syst\u00e8me de tra\u00e7abilit\u00e9.<\/li><li>La capacit\u00e9 d\u2019isoler rapidement les produits d\u00e9fectueux.<\/li><li>Un engagement continu pour l&rsquo;am\u00e9lioration de nos processus.<\/li><\/ul><h5><strong>Pourquoi Tout le Monde Devrait Prioriser la Qualit\u00e9 de l&rsquo;Air Int\u00e9rieur<\/strong><\/h5><p>La qualit\u00e9 de l&rsquo;air int\u00e9rieur (IAQ) est cruciale, car la plupart des gens passent environ 90 % de leur temps \u00e0 l&rsquo;int\u00e9rieur. Si l&rsquo;air que vous respirez est de mauvaise qualit\u00e9, vous pourriez \u00eatre expos\u00e9 \u00e0 un risque accru de divers probl\u00e8mes de sant\u00e9, allant des maux de t\u00eate et des vertiges \u00e0 des conditions plus graves \u00e0 long terme. Bien que la certification FloorScore soit particuli\u00e8rement reconnue dans l&rsquo;industrie des rev\u00eatements de sol en Am\u00e9rique du Nord, elle rev\u00eat une importance mondiale et offre un avantage concurrentiel, notamment dans les programmes de classification des b\u00e2timents tels que LEED.<\/p><h5><strong>Que Repr\u00e9sente la Certification FloorScore pour Votre Famille ?<\/strong><\/h5><p>De nos jours, beaucoup de gens sont conscients des risques potentiels pour la sant\u00e9 associ\u00e9s aux produits du quotidien et essaient de les \u00e9viter autant que possible. Les rev\u00eatements de sol ne font pas exception, mais les dangers pos\u00e9s par les \u00e9missions chimiques de certains mat\u00e9riaux de rev\u00eatement sont souvent n\u00e9glig\u00e9s. Heureusement, des certifications comme FloorScore garantissent que les produits de rev\u00eatement de sol ne sont pas seulement \u00e9l\u00e9gants et durables, mais aussi s\u00fbrs et sains pour votre famille.<\/p><p>Des informations actualis\u00e9es sur la certification FloorScore sont disponibles \u00e0\u00a0:<a href=\"https:\/\/fr.scsglobalservices.com\/services\/floorscore\" target=\"_blank\" rel=\"noopener\">https:\/\/fr.scsglobalservices.com\/services\/floorscore<\/a><\/p>\t\t\t\t\t\t\t\t<\/div>\n\t\t\t\t<\/div>\n\t\t\t\t<section class=\"elementor-section elementor-inner-section elementor-element elementor-element-b01cff1 elementor-section-boxed elementor-section-height-default elementor-section-height-default\" data-id=\"b01cff1\" data-element_type=\"section\" data-settings=\"{&quot;jet_parallax_layout_list&quot;:[]}\">\n\t\t\t\t\t\t<div class=\"elementor-container elementor-column-gap-default\">\n\t\t\t\t\t<div class=\"elementor-column elementor-col-100 elementor-inner-column elementor-element elementor-element-5e501d4\" data-id=\"5e501d4\" data-element_type=\"column\">\n\t\t\t<div class=\"elementor-widget-wrap elementor-element-populated\">\n\t\t\t\t\t\t<div class=\"elementor-element elementor-element-d6fe8af elementor-align-left elementor-widget elementor-widget-button\" data-id=\"d6fe8af\" data-element_type=\"widget\" data-settings=\"{&quot;_animation&quot;:&quot;none&quot;}\" data-widget_type=\"button.default\">\n\t\t\t\t<div class=\"elementor-widget-container\">\n\t\t\t\t\t\t\t\t\t<div class=\"elementor-button-wrapper\">\n\t\t\t\t\t<a class=\"elementor-button elementor-button-link elementor-size-xs\" href=\"https:\/\/lauzoncollection.com\/wp-content\/uploads\/2024\/10\/LauzonFlooring_2024_SCS-FS-20119_s.pdf\" target=\"_blank\">\n\t\t\t\t\t\t<span class=\"elementor-button-content-wrapper\">\n\t\t\t\t\t\t\t\t\t<span class=\"elementor-button-text\">Certificat FloorScore plancher de bois d'ing\u00e9nierie ch\u00eane blanc 8\"<\/span>\n\t\t\t\t\t<\/span>\n\t\t\t\t\t<\/a>\n\t\t\t\t<\/div>\n\t\t\t\t\t\t\t\t<\/div>\n\t\t\t\t<\/div>\n\t\t\t\t\t<\/div>\n\t\t<\/div>\n\t\t\t\t\t<\/div>\n\t\t<\/section>\n\t\t\t\t\t<\/div>\n\t\t<\/div>\n\t\t\t\t\t<\/div>\n\t\t<\/section>\n\t\t\t\t<\/div>\n\t\t","protected":false},"excerpt":{"rendered":"<p>Certification FloorScore Que repr\u00e9sente la certification FloorScore\u00ae ? \u00a0 FloorScore\u00ae est la principale certification de la qualit\u00e9 de l&rsquo;air int\u00e9rieur (QIA) pour les mat\u00e9riaux de rev\u00eatement de sol dur, les adh\u00e9sifs et les sous-couches. Il s&rsquo;agit d&rsquo;un programme de certification volontaire et ind\u00e9pendant qui \u00e9value et certifie ces produits pour s&rsquo;assurer qu&rsquo;ils respectent les normes [&hellip;]<\/p>\n","protected":false},"author":1,"featured_media":0,"parent":0,"menu_order":0,"comment_status":"closed","ping_status":"closed","template":"","meta":{"_acf_changed":false,"footnotes":""},"class_list":["post-14372","page","type-page","status-publish","hentry"],"acf":[],"yoast_head":"<!-- This site is optimized with the Yoast SEO plugin v25.2 - https:\/\/yoast.com\/wordpress\/plugins\/seo\/ -->\n<title>Certification FloorScore - Lauzon Collection<\/title>\n<meta name=\"robots\" content=\"index, follow, max-snippet:-1, max-image-preview:large, max-video-preview:-1\" \/>\n<meta property=\"og:locale\" content=\"fr_CA\" \/>\n<meta property=\"og:type\" content=\"article\" \/>\n<meta property=\"og:title\" content=\"Certification FloorScore - Lauzon Collection\" \/>\n<meta property=\"og:description\" content=\"Certification FloorScore Que repr\u00e9sente la certification FloorScore\u00ae ? \u00a0 FloorScore\u00ae est la principale certification de la qualit\u00e9 de l&rsquo;air int\u00e9rieur (QIA) pour les mat\u00e9riaux de rev\u00eatement de sol dur, les adh\u00e9sifs et les sous-couches. Il s&rsquo;agit d&rsquo;un programme de certification volontaire et ind\u00e9pendant qui \u00e9value et certifie ces produits pour s&rsquo;assurer qu&rsquo;ils respectent les normes [&hellip;]\" \/>\n<meta property=\"og:url\" content=\"https:\/\/www.lauzoncollection.com\/fr\/certification-floorscore\/\" \/>\n<meta property=\"og:site_name\" content=\"Lauzon Collection\" \/>\n<meta property=\"article:modified_time\" content=\"2024-10-29T13:12:53+00:00\" \/>\n<meta name=\"twitter:card\" content=\"summary_large_image\" \/>\n<meta name=\"twitter:label1\" content=\"Estimation du temps de lecture\" \/>\n\t<meta name=\"twitter:data1\" content=\"3 minutes\" \/>\n<script type=\"application\/ld+json\" class=\"yoast-schema-graph\">{\"@context\":\"https:\/\/schema.org\",\"@graph\":[{\"@type\":\"WebPage\",\"@id\":\"https:\/\/www.lauzoncollection.com\/fr\/certification-floorscore\/\",\"url\":\"https:\/\/www.lauzoncollection.com\/fr\/certification-floorscore\/\",\"name\":\"Certification FloorScore - Lauzon Collection\",\"isPartOf\":{\"@id\":\"https:\/\/www.lauzoncollection.com\/#website\"},\"datePublished\":\"2024-10-09T14:24:32+00:00\",\"dateModified\":\"2024-10-29T13:12:53+00:00\",\"breadcrumb\":{\"@id\":\"https:\/\/www.lauzoncollection.com\/fr\/certification-floorscore\/#breadcrumb\"},\"inLanguage\":\"fr-CA\",\"potentialAction\":[{\"@type\":\"ReadAction\",\"target\":[\"https:\/\/www.lauzoncollection.com\/fr\/certification-floorscore\/\"]}]},{\"@type\":\"BreadcrumbList\",\"@id\":\"https:\/\/www.lauzoncollection.com\/fr\/certification-floorscore\/#breadcrumb\",\"itemListElement\":[{\"@type\":\"ListItem\",\"position\":1,\"name\":\"Accueil\",\"item\":\"https:\/\/www.lauzoncollection.com\/fr\/\"},{\"@type\":\"ListItem\",\"position\":2,\"name\":\"Certification FloorScore\"}]},{\"@type\":\"WebSite\",\"@id\":\"https:\/\/www.lauzoncollection.com\/#website\",\"url\":\"https:\/\/www.lauzoncollection.com\/\",\"name\":\"Lauzon Collection\",\"description\":\"\",\"publisher\":{\"@id\":\"https:\/\/www.lauzoncollection.com\/#organization\"},\"potentialAction\":[{\"@type\":\"SearchAction\",\"target\":{\"@type\":\"EntryPoint\",\"urlTemplate\":\"https:\/\/www.lauzoncollection.com\/?s={search_term_string}\"},\"query-input\":{\"@type\":\"PropertyValueSpecification\",\"valueRequired\":true,\"valueName\":\"search_term_string\"}}],\"inLanguage\":\"fr-CA\"},{\"@type\":\"Organization\",\"@id\":\"https:\/\/www.lauzoncollection.com\/#organization\",\"name\":\"Lauzon Collection\",\"url\":\"https:\/\/www.lauzoncollection.com\/\",\"logo\":{\"@type\":\"ImageObject\",\"inLanguage\":\"fr-CA\",\"@id\":\"https:\/\/www.lauzoncollection.com\/#\/schema\/logo\/image\/\",\"url\":\"https:\/\/www.lauzoncollection.com\/wp-content\/uploads\/2020\/05\/logo_lauzon_FR.png\",\"contentUrl\":\"https:\/\/www.lauzoncollection.com\/wp-content\/uploads\/2020\/05\/logo_lauzon_FR.png\",\"width\":1201,\"height\":1200,\"caption\":\"Lauzon Collection\"},\"image\":{\"@id\":\"https:\/\/www.lauzoncollection.com\/#\/schema\/logo\/image\/\"}}]}<\/script>\n<!-- \/ Yoast SEO plugin. -->","yoast_head_json":{"title":"Certification FloorScore - Lauzon Collection","robots":{"index":"index","follow":"follow","max-snippet":"max-snippet:-1","max-image-preview":"max-image-preview:large","max-video-preview":"max-video-preview:-1"},"og_locale":"fr_CA","og_type":"article","og_title":"Certification FloorScore - Lauzon Collection","og_description":"Certification FloorScore Que repr\u00e9sente la certification FloorScore\u00ae ? \u00a0 FloorScore\u00ae est la principale certification de la qualit\u00e9 de l&rsquo;air int\u00e9rieur (QIA) pour les mat\u00e9riaux de rev\u00eatement de sol dur, les adh\u00e9sifs et les sous-couches. Il s&rsquo;agit d&rsquo;un programme de certification volontaire et ind\u00e9pendant qui \u00e9value et certifie ces produits pour s&rsquo;assurer qu&rsquo;ils respectent les normes [&hellip;]","og_url":"https:\/\/www.lauzoncollection.com\/fr\/certification-floorscore\/","og_site_name":"Lauzon Collection","article_modified_time":"2024-10-29T13:12:53+00:00","twitter_card":"summary_large_image","twitter_misc":{"Estimation du temps de lecture":"3 minutes"},"schema":{"@context":"https:\/\/schema.org","@graph":[{"@type":"WebPage","@id":"https:\/\/www.lauzoncollection.com\/fr\/certification-floorscore\/","url":"https:\/\/www.lauzoncollection.com\/fr\/certification-floorscore\/","name":"Certification FloorScore - Lauzon Collection","isPartOf":{"@id":"https:\/\/www.lauzoncollection.com\/#website"},"datePublished":"2024-10-09T14:24:32+00:00","dateModified":"2024-10-29T13:12:53+00:00","breadcrumb":{"@id":"https:\/\/www.lauzoncollection.com\/fr\/certification-floorscore\/#breadcrumb"},"inLanguage":"fr-CA","potentialAction":[{"@type":"ReadAction","target":["https:\/\/www.lauzoncollection.com\/fr\/certification-floorscore\/"]}]},{"@type":"BreadcrumbList","@id":"https:\/\/www.lauzoncollection.com\/fr\/certification-floorscore\/#breadcrumb","itemListElement":[{"@type":"ListItem","position":1,"name":"Accueil","item":"https:\/\/www.lauzoncollection.com\/fr\/"},{"@type":"ListItem","position":2,"name":"Certification FloorScore"}]},{"@type":"WebSite","@id":"https:\/\/www.lauzoncollection.com\/#website","url":"https:\/\/www.lauzoncollection.com\/","name":"Lauzon Collection","description":"","publisher":{"@id":"https:\/\/www.lauzoncollection.com\/#organization"},"potentialAction":[{"@type":"SearchAction","target":{"@type":"EntryPoint","urlTemplate":"https:\/\/www.lauzoncollection.com\/?s={search_term_string}"},"query-input":{"@type":"PropertyValueSpecification","valueRequired":true,"valueName":"search_term_string"}}],"inLanguage":"fr-CA"},{"@type":"Organization","@id":"https:\/\/www.lauzoncollection.com\/#organization","name":"Lauzon Collection","url":"https:\/\/www.lauzoncollection.com\/","logo":{"@type":"ImageObject","inLanguage":"fr-CA","@id":"https:\/\/www.lauzoncollection.com\/#\/schema\/logo\/image\/","url":"https:\/\/www.lauzoncollection.com\/wp-content\/uploads\/2020\/05\/logo_lauzon_FR.png","contentUrl":"https:\/\/www.lauzoncollection.com\/wp-content\/uploads\/2020\/05\/logo_lauzon_FR.png","width":1201,"height":1200,"caption":"Lauzon Collection"},"image":{"@id":"https:\/\/www.lauzoncollection.com\/#\/schema\/logo\/image\/"}}]}},"_links":{"self":[{"href":"https:\/\/www.lauzoncollection.com\/fr\/wp-json\/wp\/v2\/pages\/14372","targetHints":{"allow":["GET"]}}],"collection":[{"href":"https:\/\/www.lauzoncollection.com\/fr\/wp-json\/wp\/v2\/pages"}],"about":[{"href":"https:\/\/www.lauzoncollection.com\/fr\/wp-json\/wp\/v2\/types\/page"}],"author":[{"embeddable":true,"href":"https:\/\/www.lauzoncollection.com\/fr\/wp-json\/wp\/v2\/users\/1"}],"replies":[{"embeddable":true,"href":"https:\/\/www.lauzoncollection.com\/fr\/wp-json\/wp\/v2\/comments?post=14372"}],"version-history":[{"count":19,"href":"https:\/\/www.lauzoncollection.com\/fr\/wp-json\/wp\/v2\/pages\/14372\/revisions"}],"predecessor-version":[{"id":14427,"href":"https:\/\/www.lauzoncollection.com\/fr\/wp-json\/wp\/v2\/pages\/14372\/revisions\/14427"}],"wp:attachment":[{"href":"https:\/\/www.lauzoncollection.com\/fr\/wp-json\/wp\/v2\/media?parent=14372"}],"curies":[{"name":"wp","href":"https:\/\/api.w.org\/{rel}","templated":true}]}}