{"id":386,"date":"2021-09-08T10:11:25","date_gmt":"2021-09-08T14:11:25","guid":{"rendered":"https:\/\/lauzoncollection.com\/?page_id=386"},"modified":"2025-03-07T12:20:01","modified_gmt":"2025-03-07T17:20:01","slug":"a-propos","status":"publish","type":"page","link":"https:\/\/www.lauzoncollection.com\/fr\/a-propos\/","title":{"rendered":"\u00c0 propos"},"content":{"rendered":"\t\t<div data-elementor-type=\"wp-page\" data-elementor-id=\"386\" class=\"elementor elementor-386\" data-elementor-post-type=\"page\">\n\t\t\t\t\t\t<section class=\"elementor-section elementor-top-section elementor-element elementor-element-b760f11 ph pv elementor-section-boxed elementor-section-height-default elementor-section-height-default\" data-id=\"b760f11\" data-element_type=\"section\" data-settings=\"{&quot;jet_parallax_layout_list&quot;:[{&quot;jet_parallax_layout_image&quot;:{&quot;url&quot;:&quot;&quot;,&quot;id&quot;:&quot;&quot;,&quot;size&quot;:&quot;&quot;},&quot;_id&quot;:&quot;65f04a3&quot;,&quot;jet_parallax_layout_image_tablet&quot;:{&quot;url&quot;:&quot;&quot;,&quot;id&quot;:&quot;&quot;,&quot;size&quot;:&quot;&quot;},&quot;jet_parallax_layout_image_mobile&quot;:{&quot;url&quot;:&quot;&quot;,&quot;id&quot;:&quot;&quot;,&quot;size&quot;:&quot;&quot;},&quot;jet_parallax_layout_speed&quot;:{&quot;unit&quot;:&quot;%&quot;,&quot;size&quot;:50,&quot;sizes&quot;:[]},&quot;jet_parallax_layout_type&quot;:&quot;scroll&quot;,&quot;jet_parallax_layout_direction&quot;:null,&quot;jet_parallax_layout_fx_direction&quot;:null,&quot;jet_parallax_layout_z_index&quot;:&quot;&quot;,&quot;jet_parallax_layout_bg_x&quot;:50,&quot;jet_parallax_layout_bg_x_tablet&quot;:&quot;&quot;,&quot;jet_parallax_layout_bg_x_mobile&quot;:&quot;&quot;,&quot;jet_parallax_layout_bg_y&quot;:50,&quot;jet_parallax_layout_bg_y_tablet&quot;:&quot;&quot;,&quot;jet_parallax_layout_bg_y_mobile&quot;:&quot;&quot;,&quot;jet_parallax_layout_bg_size&quot;:&quot;auto&quot;,&quot;jet_parallax_layout_bg_size_tablet&quot;:&quot;&quot;,&quot;jet_parallax_layout_bg_size_mobile&quot;:&quot;&quot;,&quot;jet_parallax_layout_animation_prop&quot;:&quot;transform&quot;,&quot;jet_parallax_layout_on&quot;:[&quot;desktop&quot;,&quot;tablet&quot;]}]}\">\n\t\t\t\t\t\t<div class=\"elementor-container elementor-column-gap-default\">\n\t\t\t\t\t<div class=\"elementor-column elementor-col-100 elementor-top-column elementor-element elementor-element-1ed3119\" data-id=\"1ed3119\" data-element_type=\"column\">\n\t\t\t<div class=\"elementor-widget-wrap elementor-element-populated\">\n\t\t\t\t\t\t<div class=\"elementor-element elementor-element-005544f elementor-widget elementor-widget-heading\" data-id=\"005544f\" data-element_type=\"widget\" data-settings=\"{&quot;_animation&quot;:&quot;none&quot;}\" data-widget_type=\"heading.default\">\n\t\t\t\t<div class=\"elementor-widget-container\">\n\t\t\t\t\t<h1 class=\"elementor-heading-title elementor-size-default\">\u00c0 PROPOS<\/h1>\t\t\t\t<\/div>\n\t\t\t\t<\/div>\n\t\t\t\t<div class=\"elementor-element elementor-element-7f9998c elementor-widget elementor-widget-text-editor\" data-id=\"7f9998c\" data-element_type=\"widget\" data-settings=\"{&quot;_animation&quot;:&quot;none&quot;}\" data-widget_type=\"text-editor.default\">\n\t\t\t\t<div class=\"elementor-widget-container\">\n\t\t\t\t\t\t\t\t\t<p>Fi\u00e8rement canadien, Lauzon est un sp\u00e9cialiste de la fabrication de planchers de bois franc styl\u00e9s et de haute qualit\u00e9. Nous marions le savoir-faire artisanal aux nouvelles technologies pour aider les propri\u00e9taires de maison, les designers d\u2019int\u00e9rieur, les architectes et les constructeurs \u00e0 cr\u00e9er des int\u00e9rieurs naturellement inspirants.<\/p>\t\t\t\t\t\t\t\t<\/div>\n\t\t\t\t<\/div>\n\t\t\t\t\t<\/div>\n\t\t<\/div>\n\t\t\t\t\t<\/div>\n\t\t<\/section>\n\t\t\t\t<section class=\"elementor-section elementor-top-section elementor-element elementor-element-ac65c3a elementor-section-full_width elementor-section-height-min-height elementor-section-height-default elementor-section-items-middle\" data-id=\"ac65c3a\" data-element_type=\"section\" data-settings=\"{&quot;jet_parallax_layout_list&quot;:[{&quot;jet_parallax_layout_image&quot;:{&quot;url&quot;:&quot;&quot;,&quot;id&quot;:&quot;&quot;,&quot;size&quot;:&quot;&quot;},&quot;_id&quot;:&quot;febf445&quot;,&quot;jet_parallax_layout_image_tablet&quot;:{&quot;url&quot;:&quot;&quot;,&quot;id&quot;:&quot;&quot;,&quot;size&quot;:&quot;&quot;},&quot;jet_parallax_layout_image_mobile&quot;:{&quot;url&quot;:&quot;&quot;,&quot;id&quot;:&quot;&quot;,&quot;size&quot;:&quot;&quot;},&quot;jet_parallax_layout_speed&quot;:{&quot;unit&quot;:&quot;%&quot;,&quot;size&quot;:50,&quot;sizes&quot;:[]},&quot;jet_parallax_layout_type&quot;:&quot;scroll&quot;,&quot;jet_parallax_layout_direction&quot;:null,&quot;jet_parallax_layout_fx_direction&quot;:null,&quot;jet_parallax_layout_z_index&quot;:&quot;&quot;,&quot;jet_parallax_layout_bg_x&quot;:50,&quot;jet_parallax_layout_bg_x_tablet&quot;:&quot;&quot;,&quot;jet_parallax_layout_bg_x_mobile&quot;:&quot;&quot;,&quot;jet_parallax_layout_bg_y&quot;:50,&quot;jet_parallax_layout_bg_y_tablet&quot;:&quot;&quot;,&quot;jet_parallax_layout_bg_y_mobile&quot;:&quot;&quot;,&quot;jet_parallax_layout_bg_size&quot;:&quot;auto&quot;,&quot;jet_parallax_layout_bg_size_tablet&quot;:&quot;&quot;,&quot;jet_parallax_layout_bg_size_mobile&quot;:&quot;&quot;,&quot;jet_parallax_layout_animation_prop&quot;:&quot;transform&quot;,&quot;jet_parallax_layout_on&quot;:[&quot;desktop&quot;,&quot;tablet&quot;]}],&quot;background_background&quot;:&quot;classic&quot;}\">\n\t\t\t\t\t\t<div class=\"elementor-container elementor-column-gap-default\">\n\t\t\t\t\t<div class=\"elementor-column elementor-col-100 elementor-top-column elementor-element elementor-element-e51f3b6\" data-id=\"e51f3b6\" data-element_type=\"column\">\n\t\t\t<div class=\"elementor-widget-wrap\">\n\t\t\t\t\t\t\t<\/div>\n\t\t<\/div>\n\t\t\t\t\t<\/div>\n\t\t<\/section>\n\t\t\t\t<section class=\"elementor-section elementor-top-section elementor-element elementor-element-0601c9f pv ph elementor-section-boxed elementor-section-height-default elementor-section-height-default\" data-id=\"0601c9f\" data-element_type=\"section\" data-settings=\"{&quot;jet_parallax_layout_list&quot;:[{&quot;jet_parallax_layout_image&quot;:{&quot;url&quot;:&quot;&quot;,&quot;id&quot;:&quot;&quot;,&quot;size&quot;:&quot;&quot;},&quot;_id&quot;:&quot;5e5f787&quot;,&quot;jet_parallax_layout_image_tablet&quot;:{&quot;url&quot;:&quot;&quot;,&quot;id&quot;:&quot;&quot;,&quot;size&quot;:&quot;&quot;},&quot;jet_parallax_layout_image_mobile&quot;:{&quot;url&quot;:&quot;&quot;,&quot;id&quot;:&quot;&quot;,&quot;size&quot;:&quot;&quot;},&quot;jet_parallax_layout_speed&quot;:{&quot;unit&quot;:&quot;%&quot;,&quot;size&quot;:50,&quot;sizes&quot;:[]},&quot;jet_parallax_layout_type&quot;:&quot;scroll&quot;,&quot;jet_parallax_layout_direction&quot;:null,&quot;jet_parallax_layout_fx_direction&quot;:null,&quot;jet_parallax_layout_z_index&quot;:&quot;&quot;,&quot;jet_parallax_layout_bg_x&quot;:50,&quot;jet_parallax_layout_bg_x_tablet&quot;:&quot;&quot;,&quot;jet_parallax_layout_bg_x_mobile&quot;:&quot;&quot;,&quot;jet_parallax_layout_bg_y&quot;:50,&quot;jet_parallax_layout_bg_y_tablet&quot;:&quot;&quot;,&quot;jet_parallax_layout_bg_y_mobile&quot;:&quot;&quot;,&quot;jet_parallax_layout_bg_size&quot;:&quot;auto&quot;,&quot;jet_parallax_layout_bg_size_tablet&quot;:&quot;&quot;,&quot;jet_parallax_layout_bg_size_mobile&quot;:&quot;&quot;,&quot;jet_parallax_layout_animation_prop&quot;:&quot;transform&quot;,&quot;jet_parallax_layout_on&quot;:[&quot;desktop&quot;,&quot;tablet&quot;]}]}\">\n\t\t\t\t\t\t<div class=\"elementor-container elementor-column-gap-default\">\n\t\t\t\t\t<div class=\"elementor-column elementor-col-100 elementor-top-column elementor-element elementor-element-443df63\" data-id=\"443df63\" data-element_type=\"column\">\n\t\t\t<div class=\"elementor-widget-wrap elementor-element-populated\">\n\t\t\t\t\t\t<div class=\"elementor-element elementor-element-49a446a elementor-widget elementor-widget-heading\" data-id=\"49a446a\" data-element_type=\"widget\" data-settings=\"{&quot;_animation&quot;:&quot;none&quot;}\" data-widget_type=\"heading.default\">\n\t\t\t\t<div class=\"elementor-widget-container\">\n\t\t\t\t\t<h2 class=\"elementor-heading-title elementor-size-default\">Le bois est notre essence <\/h2>\t\t\t\t<\/div>\n\t\t\t\t<\/div>\n\t\t\t\t<div class=\"elementor-element elementor-element-334ff20 elementor-widget elementor-widget-text-editor\" data-id=\"334ff20\" data-element_type=\"widget\" data-settings=\"{&quot;_animation&quot;:&quot;none&quot;}\" data-widget_type=\"text-editor.default\">\n\t\t\t\t<div class=\"elementor-widget-container\">\n\t\t\t\t\t\t\t\t\t<p style=\"text-align: center;\">Entreprise familiale aux valeurs profond\u00e9ment ancr\u00e9es dans les for\u00eats qu\u00e9b\u00e9coises, Lauzon a \u00e9t\u00e9 cr\u00e9\u00e9e en 1985 et est bas\u00e9e en Outaouais (Qu\u00e9bec), au c\u0153ur d\u2019une r\u00e9gion issue d\u2019une longue tradition du travail du bois. Elle est une des rares entreprises \u00e0 contr\u00f4ler l\u2019ensemble des \u00e9tapes de fabrication &#8211; de la r\u00e9colte \u00e9co-responsable en for\u00eat jusqu\u2019\u00e0 la finition du plancher &#8211; afin d\u2019assurer une ma\u00eetrise de la qualit\u00e9 du produit tout au long de son cycle de production.<\/p>\t\t\t\t\t\t\t\t<\/div>\n\t\t\t\t<\/div>\n\t\t\t\t<div class=\"elementor-element elementor-element-f052475 elementor-widget elementor-widget-heading\" data-id=\"f052475\" data-element_type=\"widget\" data-settings=\"{&quot;_animation&quot;:&quot;none&quot;}\" data-widget_type=\"heading.default\">\n\t\t\t\t<div class=\"elementor-widget-container\">\n\t\t\t\t\t<h2 class=\"elementor-heading-title elementor-size-default\">L\u2019avenir est  vert <\/h2>\t\t\t\t<\/div>\n\t\t\t\t<\/div>\n\t\t\t\t<div class=\"elementor-element elementor-element-df7b8a1 elementor-widget elementor-widget-text-editor\" data-id=\"df7b8a1\" data-element_type=\"widget\" data-settings=\"{&quot;_animation&quot;:&quot;none&quot;}\" data-widget_type=\"text-editor.default\">\n\t\t\t\t<div class=\"elementor-widget-container\">\n\t\t\t\t\t\t\t\t\t<p style=\"text-align: center;\">Lauzon vit en symbiose avec la for\u00eat et traite la noble mati\u00e8re qu\u2019est le bois avec le plus grand respect. Nous appliquons une politique environnementale des plus stricte et sommes engag\u00e9s \u00e0 une politique de production avec z\u00e9ro d\u00e9chet. Tous nos planchers sont fabriqu\u00e9s sans solvants ou COV ajout\u00e9s afin d\u2019assurer un environnement de vie confortable, agr\u00e9able et sain.<\/p><p style=\"text-align: center;\"><a style=\"color: #799b3e;\" href=\"https:\/\/boislauzon.com\"><strong><span style=\"text-decoration: underline;\">En savoir plus<\/span><\/strong><\/a><\/p>\t\t\t\t\t\t\t\t<\/div>\n\t\t\t\t<\/div>\n\t\t\t\t\t<\/div>\n\t\t<\/div>\n\t\t\t\t\t<\/div>\n\t\t<\/section>\n\t\t\t\t<\/div>\n\t\t","protected":false},"excerpt":{"rendered":"<p>\u00c0 PROPOS Fi\u00e8rement canadien, Lauzon est un sp\u00e9cialiste de la fabrication de planchers de bois franc styl\u00e9s et de haute qualit\u00e9. Nous marions le savoir-faire artisanal aux nouvelles technologies pour aider les propri\u00e9taires de maison, les designers d\u2019int\u00e9rieur, les architectes et les constructeurs \u00e0 cr\u00e9er des int\u00e9rieurs naturellement inspirants. Le bois est notre essence Entreprise [&hellip;]<\/p>\n","protected":false},"author":1,"featured_media":387,"parent":0,"menu_order":32,"comment_status":"closed","ping_status":"closed","template":"elementor_header_footer","meta":{"_acf_changed":false,"footnotes":""},"class_list":["post-386","page","type-page","status-publish","has-post-thumbnail","hentry"],"acf":[],"yoast_head":"<!-- This site is optimized with the Yoast SEO plugin v25.2 - https:\/\/yoast.com\/wordpress\/plugins\/seo\/ -->\n<title>\u00c0 propos - Lauzon Collection<\/title>\n<meta name=\"robots\" content=\"index, follow, max-snippet:-1, max-image-preview:large, max-video-preview:-1\" \/>\n<meta property=\"og:locale\" content=\"fr_CA\" \/>\n<meta property=\"og:type\" content=\"article\" \/>\n<meta property=\"og:title\" content=\"\u00c0 propos - Lauzon Collection\" \/>\n<meta property=\"og:description\" content=\"\u00c0 PROPOS Fi\u00e8rement canadien, Lauzon est un sp\u00e9cialiste de la fabrication de planchers de bois franc styl\u00e9s et de haute qualit\u00e9. Nous marions le savoir-faire artisanal aux nouvelles technologies pour aider les propri\u00e9taires de maison, les designers d\u2019int\u00e9rieur, les architectes et les constructeurs \u00e0 cr\u00e9er des int\u00e9rieurs naturellement inspirants. Le bois est notre essence Entreprise [&hellip;]\" \/>\n<meta property=\"og:url\" content=\"https:\/\/www.lauzoncollection.com\/fr\/a-propos\/\" \/>\n<meta property=\"og:site_name\" content=\"Lauzon Collection\" \/>\n<meta property=\"article:modified_time\" content=\"2025-03-07T17:20:01+00:00\" \/>\n<meta property=\"og:image\" content=\"https:\/\/www.lauzoncollection.com\/wp-content\/uploads\/2021\/09\/1_image_a_propos-scaled.jpeg\" \/>\n\t<meta property=\"og:image:width\" content=\"2560\" \/>\n\t<meta property=\"og:image:height\" content=\"1707\" \/>\n\t<meta property=\"og:image:type\" content=\"image\/jpeg\" \/>\n<meta name=\"twitter:card\" content=\"summary_large_image\" \/>\n<meta name=\"twitter:label1\" content=\"Estimation du temps de lecture\" \/>\n\t<meta name=\"twitter:data1\" content=\"1 minute\" \/>\n<script type=\"application\/ld+json\" class=\"yoast-schema-graph\">{\"@context\":\"https:\/\/schema.org\",\"@graph\":[{\"@type\":\"WebPage\",\"@id\":\"https:\/\/www.lauzoncollection.com\/fr\/a-propos\/\",\"url\":\"https:\/\/www.lauzoncollection.com\/fr\/a-propos\/\",\"name\":\"\u00c0 propos - Lauzon Collection\",\"isPartOf\":{\"@id\":\"https:\/\/www.lauzoncollection.com\/#website\"},\"primaryImageOfPage\":{\"@id\":\"https:\/\/www.lauzoncollection.com\/fr\/a-propos\/#primaryimage\"},\"image\":{\"@id\":\"https:\/\/www.lauzoncollection.com\/fr\/a-propos\/#primaryimage\"},\"thumbnailUrl\":\"https:\/\/www.lauzoncollection.com\/wp-content\/uploads\/2021\/09\/1_image_a_propos-scaled.jpeg\",\"datePublished\":\"2021-09-08T14:11:25+00:00\",\"dateModified\":\"2025-03-07T17:20:01+00:00\",\"breadcrumb\":{\"@id\":\"https:\/\/www.lauzoncollection.com\/fr\/a-propos\/#breadcrumb\"},\"inLanguage\":\"fr-CA\",\"potentialAction\":[{\"@type\":\"ReadAction\",\"target\":[\"https:\/\/www.lauzoncollection.com\/fr\/a-propos\/\"]}]},{\"@type\":\"ImageObject\",\"inLanguage\":\"fr-CA\",\"@id\":\"https:\/\/www.lauzoncollection.com\/fr\/a-propos\/#primaryimage\",\"url\":\"https:\/\/www.lauzoncollection.com\/wp-content\/uploads\/2021\/09\/1_image_a_propos-scaled.jpeg\",\"contentUrl\":\"https:\/\/www.lauzoncollection.com\/wp-content\/uploads\/2021\/09\/1_image_a_propos-scaled.jpeg\",\"width\":2560,\"height\":1707},{\"@type\":\"BreadcrumbList\",\"@id\":\"https:\/\/www.lauzoncollection.com\/fr\/a-propos\/#breadcrumb\",\"itemListElement\":[{\"@type\":\"ListItem\",\"position\":1,\"name\":\"Accueil\",\"item\":\"https:\/\/www.lauzoncollection.com\/fr\/\"},{\"@type\":\"ListItem\",\"position\":2,\"name\":\"\u00c0 propos\"}]},{\"@type\":\"WebSite\",\"@id\":\"https:\/\/www.lauzoncollection.com\/#website\",\"url\":\"https:\/\/www.lauzoncollection.com\/\",\"name\":\"Lauzon Collection\",\"description\":\"\",\"publisher\":{\"@id\":\"https:\/\/www.lauzoncollection.com\/#organization\"},\"potentialAction\":[{\"@type\":\"SearchAction\",\"target\":{\"@type\":\"EntryPoint\",\"urlTemplate\":\"https:\/\/www.lauzoncollection.com\/?s={search_term_string}\"},\"query-input\":{\"@type\":\"PropertyValueSpecification\",\"valueRequired\":true,\"valueName\":\"search_term_string\"}}],\"inLanguage\":\"fr-CA\"},{\"@type\":\"Organization\",\"@id\":\"https:\/\/www.lauzoncollection.com\/#organization\",\"name\":\"Lauzon Collection\",\"url\":\"https:\/\/www.lauzoncollection.com\/\",\"logo\":{\"@type\":\"ImageObject\",\"inLanguage\":\"fr-CA\",\"@id\":\"https:\/\/www.lauzoncollection.com\/#\/schema\/logo\/image\/\",\"url\":\"https:\/\/www.lauzoncollection.com\/wp-content\/uploads\/2020\/05\/logo_lauzon_FR.png\",\"contentUrl\":\"https:\/\/www.lauzoncollection.com\/wp-content\/uploads\/2020\/05\/logo_lauzon_FR.png\",\"width\":1201,\"height\":1200,\"caption\":\"Lauzon Collection\"},\"image\":{\"@id\":\"https:\/\/www.lauzoncollection.com\/#\/schema\/logo\/image\/\"}}]}<\/script>\n<!-- \/ Yoast SEO plugin. -->","yoast_head_json":{"title":"\u00c0 propos - Lauzon Collection","robots":{"index":"index","follow":"follow","max-snippet":"max-snippet:-1","max-image-preview":"max-image-preview:large","max-video-preview":"max-video-preview:-1"},"og_locale":"fr_CA","og_type":"article","og_title":"\u00c0 propos - Lauzon Collection","og_description":"\u00c0 PROPOS Fi\u00e8rement canadien, Lauzon est un sp\u00e9cialiste de la fabrication de planchers de bois franc styl\u00e9s et de haute qualit\u00e9. Nous marions le savoir-faire artisanal aux nouvelles technologies pour aider les propri\u00e9taires de maison, les designers d\u2019int\u00e9rieur, les architectes et les constructeurs \u00e0 cr\u00e9er des int\u00e9rieurs naturellement inspirants. Le bois est notre essence Entreprise [&hellip;]","og_url":"https:\/\/www.lauzoncollection.com\/fr\/a-propos\/","og_site_name":"Lauzon Collection","article_modified_time":"2025-03-07T17:20:01+00:00","og_image":[{"width":2560,"height":1707,"url":"https:\/\/www.lauzoncollection.com\/wp-content\/uploads\/2021\/09\/1_image_a_propos-scaled.jpeg","type":"image\/jpeg"}],"twitter_card":"summary_large_image","twitter_misc":{"Estimation du temps de lecture":"1 minute"},"schema":{"@context":"https:\/\/schema.org","@graph":[{"@type":"WebPage","@id":"https:\/\/www.lauzoncollection.com\/fr\/a-propos\/","url":"https:\/\/www.lauzoncollection.com\/fr\/a-propos\/","name":"\u00c0 propos - Lauzon Collection","isPartOf":{"@id":"https:\/\/www.lauzoncollection.com\/#website"},"primaryImageOfPage":{"@id":"https:\/\/www.lauzoncollection.com\/fr\/a-propos\/#primaryimage"},"image":{"@id":"https:\/\/www.lauzoncollection.com\/fr\/a-propos\/#primaryimage"},"thumbnailUrl":"https:\/\/www.lauzoncollection.com\/wp-content\/uploads\/2021\/09\/1_image_a_propos-scaled.jpeg","datePublished":"2021-09-08T14:11:25+00:00","dateModified":"2025-03-07T17:20:01+00:00","breadcrumb":{"@id":"https:\/\/www.lauzoncollection.com\/fr\/a-propos\/#breadcrumb"},"inLanguage":"fr-CA","potentialAction":[{"@type":"ReadAction","target":["https:\/\/www.lauzoncollection.com\/fr\/a-propos\/"]}]},{"@type":"ImageObject","inLanguage":"fr-CA","@id":"https:\/\/www.lauzoncollection.com\/fr\/a-propos\/#primaryimage","url":"https:\/\/www.lauzoncollection.com\/wp-content\/uploads\/2021\/09\/1_image_a_propos-scaled.jpeg","contentUrl":"https:\/\/www.lauzoncollection.com\/wp-content\/uploads\/2021\/09\/1_image_a_propos-scaled.jpeg","width":2560,"height":1707},{"@type":"BreadcrumbList","@id":"https:\/\/www.lauzoncollection.com\/fr\/a-propos\/#breadcrumb","itemListElement":[{"@type":"ListItem","position":1,"name":"Accueil","item":"https:\/\/www.lauzoncollection.com\/fr\/"},{"@type":"ListItem","position":2,"name":"\u00c0 propos"}]},{"@type":"WebSite","@id":"https:\/\/www.lauzoncollection.com\/#website","url":"https:\/\/www.lauzoncollection.com\/","name":"Lauzon Collection","description":"","publisher":{"@id":"https:\/\/www.lauzoncollection.com\/#organization"},"potentialAction":[{"@type":"SearchAction","target":{"@type":"EntryPoint","urlTemplate":"https:\/\/www.lauzoncollection.com\/?s={search_term_string}"},"query-input":{"@type":"PropertyValueSpecification","valueRequired":true,"valueName":"search_term_string"}}],"inLanguage":"fr-CA"},{"@type":"Organization","@id":"https:\/\/www.lauzoncollection.com\/#organization","name":"Lauzon Collection","url":"https:\/\/www.lauzoncollection.com\/","logo":{"@type":"ImageObject","inLanguage":"fr-CA","@id":"https:\/\/www.lauzoncollection.com\/#\/schema\/logo\/image\/","url":"https:\/\/www.lauzoncollection.com\/wp-content\/uploads\/2020\/05\/logo_lauzon_FR.png","contentUrl":"https:\/\/www.lauzoncollection.com\/wp-content\/uploads\/2020\/05\/logo_lauzon_FR.png","width":1201,"height":1200,"caption":"Lauzon Collection"},"image":{"@id":"https:\/\/www.lauzoncollection.com\/#\/schema\/logo\/image\/"}}]}},"_links":{"self":[{"href":"https:\/\/www.lauzoncollection.com\/fr\/wp-json\/wp\/v2\/pages\/386","targetHints":{"allow":["GET"]}}],"collection":[{"href":"https:\/\/www.lauzoncollection.com\/fr\/wp-json\/wp\/v2\/pages"}],"about":[{"href":"https:\/\/www.lauzoncollection.com\/fr\/wp-json\/wp\/v2\/types\/page"}],"author":[{"embeddable":true,"href":"https:\/\/www.lauzoncollection.com\/fr\/wp-json\/wp\/v2\/users\/1"}],"replies":[{"embeddable":true,"href":"https:\/\/www.lauzoncollection.com\/fr\/wp-json\/wp\/v2\/comments?post=386"}],"version-history":[{"count":26,"href":"https:\/\/www.lauzoncollection.com\/fr\/wp-json\/wp\/v2\/pages\/386\/revisions"}],"predecessor-version":[{"id":15608,"href":"https:\/\/www.lauzoncollection.com\/fr\/wp-json\/wp\/v2\/pages\/386\/revisions\/15608"}],"wp:featuredmedia":[{"embeddable":true,"href":"https:\/\/www.lauzoncollection.com\/fr\/wp-json\/wp\/v2\/media\/387"}],"wp:attachment":[{"href":"https:\/\/www.lauzoncollection.com\/fr\/wp-json\/wp\/v2\/media?parent=386"}],"curies":[{"name":"wp","href":"https:\/\/api.w.org\/{rel}","templated":true}]}}