{"id":3919,"date":"2021-11-12T14:40:47","date_gmt":"2021-11-12T19:40:47","guid":{"rendered":"https:\/\/lauzoncollection.com\/?page_id=3919"},"modified":"2022-04-14T09:26:28","modified_gmt":"2022-04-14T13:26:28","slug":"ou-acheter","status":"publish","type":"page","link":"https:\/\/www.lauzoncollection.com\/fr\/ou-acheter\/","title":{"rendered":"Ou acheter ?"},"content":{"rendered":"\t\t<div data-elementor-type=\"wp-page\" data-elementor-id=\"3919\" class=\"elementor elementor-3919\" data-elementor-post-type=\"page\">\n\t\t\t\t\t\t<section class=\"elementor-section elementor-top-section elementor-element elementor-element-c0980f2 elementor-section-height-min-height ph elementor-section-boxed elementor-section-height-default elementor-section-items-middle\" data-id=\"c0980f2\" data-element_type=\"section\" data-settings=\"{&quot;jet_parallax_layout_list&quot;:[{&quot;jet_parallax_layout_image&quot;:{&quot;url&quot;:&quot;&quot;,&quot;id&quot;:&quot;&quot;,&quot;size&quot;:&quot;&quot;},&quot;_id&quot;:&quot;febf445&quot;,&quot;jet_parallax_layout_image_tablet&quot;:{&quot;url&quot;:&quot;&quot;,&quot;id&quot;:&quot;&quot;,&quot;size&quot;:&quot;&quot;},&quot;jet_parallax_layout_image_mobile&quot;:{&quot;url&quot;:&quot;&quot;,&quot;id&quot;:&quot;&quot;,&quot;size&quot;:&quot;&quot;},&quot;jet_parallax_layout_speed&quot;:{&quot;unit&quot;:&quot;%&quot;,&quot;size&quot;:50,&quot;sizes&quot;:[]},&quot;jet_parallax_layout_type&quot;:&quot;scroll&quot;,&quot;jet_parallax_layout_direction&quot;:null,&quot;jet_parallax_layout_fx_direction&quot;:null,&quot;jet_parallax_layout_z_index&quot;:&quot;&quot;,&quot;jet_parallax_layout_bg_x&quot;:50,&quot;jet_parallax_layout_bg_x_tablet&quot;:&quot;&quot;,&quot;jet_parallax_layout_bg_x_mobile&quot;:&quot;&quot;,&quot;jet_parallax_layout_bg_y&quot;:50,&quot;jet_parallax_layout_bg_y_tablet&quot;:&quot;&quot;,&quot;jet_parallax_layout_bg_y_mobile&quot;:&quot;&quot;,&quot;jet_parallax_layout_bg_size&quot;:&quot;auto&quot;,&quot;jet_parallax_layout_bg_size_tablet&quot;:&quot;&quot;,&quot;jet_parallax_layout_bg_size_mobile&quot;:&quot;&quot;,&quot;jet_parallax_layout_animation_prop&quot;:&quot;transform&quot;,&quot;jet_parallax_layout_on&quot;:[&quot;desktop&quot;,&quot;tablet&quot;]}],&quot;background_background&quot;:&quot;classic&quot;}\">\n\t\t\t\t\t\t\t<div class=\"elementor-background-overlay\"><\/div>\n\t\t\t\t\t\t\t<div class=\"elementor-container elementor-column-gap-default\">\n\t\t\t\t\t<div class=\"elementor-column elementor-col-100 elementor-top-column elementor-element elementor-element-4da2ad4\" data-id=\"4da2ad4\" data-element_type=\"column\">\n\t\t\t<div class=\"elementor-widget-wrap elementor-element-populated\">\n\t\t\t\t\t\t<div class=\"elementor-element elementor-element-bbf8006 elementor-widget elementor-widget-heading\" data-id=\"bbf8006\" data-element_type=\"widget\" data-widget_type=\"heading.default\">\n\t\t\t\t<div class=\"elementor-widget-container\">\n\t\t\t\t\t<h1 class=\"elementor-heading-title elementor-size-default\">TROUVER UN D\u00c9TAILLANT <\/h1>\t\t\t\t<\/div>\n\t\t\t\t<\/div>\n\t\t\t\t\t<\/div>\n\t\t<\/div>\n\t\t\t\t\t<\/div>\n\t\t<\/section>\n\t\t\t\t<section class=\"elementor-section elementor-top-section elementor-element elementor-element-c190b22 ph pv elementor-section-boxed elementor-section-height-default elementor-section-height-default\" data-id=\"c190b22\" data-element_type=\"section\" data-settings=\"{&quot;jet_parallax_layout_list&quot;:[{&quot;jet_parallax_layout_image&quot;:{&quot;url&quot;:&quot;&quot;,&quot;id&quot;:&quot;&quot;,&quot;size&quot;:&quot;&quot;},&quot;_id&quot;:&quot;44d9918&quot;,&quot;jet_parallax_layout_image_tablet&quot;:{&quot;url&quot;:&quot;&quot;,&quot;id&quot;:&quot;&quot;,&quot;size&quot;:&quot;&quot;},&quot;jet_parallax_layout_image_mobile&quot;:{&quot;url&quot;:&quot;&quot;,&quot;id&quot;:&quot;&quot;,&quot;size&quot;:&quot;&quot;},&quot;jet_parallax_layout_speed&quot;:{&quot;unit&quot;:&quot;%&quot;,&quot;size&quot;:50,&quot;sizes&quot;:[]},&quot;jet_parallax_layout_type&quot;:&quot;scroll&quot;,&quot;jet_parallax_layout_direction&quot;:null,&quot;jet_parallax_layout_fx_direction&quot;:null,&quot;jet_parallax_layout_z_index&quot;:&quot;&quot;,&quot;jet_parallax_layout_bg_x&quot;:50,&quot;jet_parallax_layout_bg_x_tablet&quot;:&quot;&quot;,&quot;jet_parallax_layout_bg_x_mobile&quot;:&quot;&quot;,&quot;jet_parallax_layout_bg_y&quot;:50,&quot;jet_parallax_layout_bg_y_tablet&quot;:&quot;&quot;,&quot;jet_parallax_layout_bg_y_mobile&quot;:&quot;&quot;,&quot;jet_parallax_layout_bg_size&quot;:&quot;auto&quot;,&quot;jet_parallax_layout_bg_size_tablet&quot;:&quot;&quot;,&quot;jet_parallax_layout_bg_size_mobile&quot;:&quot;&quot;,&quot;jet_parallax_layout_animation_prop&quot;:&quot;transform&quot;,&quot;jet_parallax_layout_on&quot;:[&quot;desktop&quot;,&quot;tablet&quot;]}]}\">\n\t\t\t\t\t\t<div class=\"elementor-container elementor-column-gap-default\">\n\t\t\t\t\t<div class=\"elementor-column elementor-col-100 elementor-top-column elementor-element elementor-element-d595fef\" data-id=\"d595fef\" data-element_type=\"column\">\n\t\t\t<div class=\"elementor-widget-wrap elementor-element-populated\">\n\t\t\t\t\t\t<div class=\"elementor-element elementor-element-129199d elementor-widget elementor-widget-heading\" data-id=\"129199d\" data-element_type=\"widget\" data-widget_type=\"heading.default\">\n\t\t\t\t<div class=\"elementor-widget-container\">\n\t\t\t\t\t<h2 class=\"elementor-heading-title elementor-size-default\">O\u00f9 acheter?<\/h2>\t\t\t\t<\/div>\n\t\t\t\t<\/div>\n\t\t\t\t<div class=\"elementor-element elementor-element-59fb0ee elementor-widget elementor-widget-text-editor\" data-id=\"59fb0ee\" data-element_type=\"widget\" data-widget_type=\"text-editor.default\">\n\t\t\t\t<div class=\"elementor-widget-container\">\n\t\t\t\t\t\t\t\t\t<p class=\"MsoNormal\" style=\"text-align: center;\" align=\"center\">Un r\u00e9seau de professionnels du design<\/p>\n<p class=\"MsoNormal\" style=\"text-align: center;\" align=\"center\">Trouvez le plancher Lauzon Collection de vos r\u00eaves chez l&rsquo;un de nos d\u00e9taillants partenaire&nbsp;:<\/p>\n<p class=\"MsoNormal\" style=\"text-indent: -0.05pt; margin: 0cm 0cm 0cm 2cm; text-align: left;\">\n<\/p>\t\t\t\t\t\t\t\t<\/div>\n\t\t\t\t<\/div>\n\t\t\t\t<div class=\"elementor-element elementor-element-fa8edd2 elementor-widget__width-initial elementor-widget elementor-widget-text-editor\" data-id=\"fa8edd2\" data-element_type=\"widget\" data-widget_type=\"text-editor.default\">\n\t\t\t\t<div class=\"elementor-widget-container\">\n\t\t\t\t\t\t\t\t\t<p style=\"font-weight: 400; text-align: left;\"><b><strong><span class=\"Boutique\">Boutique<span> \u2013<\/strong><\/b>\u00a0Immergez-vous dans un espace Lauzon Collection.<\/p>\n<p style=\"font-weight: 400; text-align: left;\"><b><strong><span class=\"Studio\">Studio<\/span> \u2013<\/strong><\/b>\u00a0D\u00e9couvrez notre vaste choix de fabuleuses couleurs.<\/p>\n<p style=\"font-weight: 400; text-align: left;\"><b><strong><span class=\"Must\">Must<\/span> \u2013<\/strong><\/b>\u00a0Voyez les essentiels de Lauzon Collection.<\/p>\n<p style=\"font-weight: 400; text-align: left;\"><b><strong><span class=\"Atelier\">Atelier<\/span> \u2013<\/strong><\/b>\u00a0Boutique offrant des services professionnels \u00e0 la communaut\u00e9 A&amp;D.<\/p>\t\t\t\t\t\t\t\t<\/div>\n\t\t\t\t<\/div>\n\t\t\t\t<div class=\"elementor-element elementor-element-50c7950 elementor-widget elementor-widget-shortcode\" data-id=\"50c7950\" data-element_type=\"widget\" data-widget_type=\"shortcode.default\">\n\t\t\t\t<div class=\"elementor-widget-container\">\n\t\t\t\t\t\t\t<div class=\"elementor-shortcode\"><style>\r\n\t#wpsl-stores .wpsl-store-thumb {height:45px !important; width:45px !important;}\r\n\t#wpsl-stores, #wpsl-direction-details, #wpsl-gmap {height:500px !important;}\r\n\t#wpsl-gmap .wpsl-info-window {max-width:300px !important;}\r\n\t.wpsl-input label, #wpsl-radius label, #wpsl-category label {width:95px;}\r\n\t#wpsl-search-input ,#wpsl-category .wpsl-dropdown {width:175px;}\r\n<\/style>\r\n<div id=\"wpsl-wrap\">\r\n\t<div class=\"wpsl-search wpsl-clearfix wpsl-filter\">\r\n\t\t<div id=\"wpsl-search-wrap\">\r\n\t\t\t<form autocomplete=\"off\">\r\n\t\t\t<div class=\"wpsl-input\">\r\n\t\t\t\t<div><label for=\"wpsl-search-input\">Votre position<\/label><\/div>\r\n\t\t\t\t<input id=\"wpsl-search-input\" type=\"text\" value=\"\" name=\"wpsl-search-input\" placeholder=\"\" aria-required=\"true\" \/>\r\n\t\t\t<\/div>\r\n\t\t\t<div class=\"wpsl-select-wrap\">\r\n\t\t\t\t<div id=\"wpsl-radius\">\r\n\t\t\t\t\t<label for=\"wpsl-radius-dropdown\">Rayon de recherche<\/label>\r\n\t\t\t\t\t<select id=\"wpsl-radius-dropdown\" class=\"wpsl-dropdown\" name=\"wpsl-radius\">\r\n\t\t\t\t\t\t<option value=\"10\">10 km<\/option><option value=\"25\">25 km<\/option><option selected=\"selected\" value=\"50\">50 km<\/option><option value=\"100\">100 km<\/option><option value=\"200\">200 km<\/option><option value=\"500\">500 km<\/option>\r\n\t\t\t\t\t<\/select>\r\n\t\t\t\t<\/div>\r\n\t\t\t\t<div id=\"wpsl-results\">\r\n\t\t\t\t\t<label for=\"wpsl-results-dropdown\">R\u00e9sultats<\/label>\r\n\t\t\t\t\t<select id=\"wpsl-results-dropdown\" class=\"wpsl-dropdown\" name=\"wpsl-results\">\r\n\t\t\t\t\t\t<option selected=\"selected\" value=\"25\">25<\/option><option value=\"50\">50<\/option><option value=\"75\">75<\/option><option value=\"100\">100<\/option>\r\n\t\t\t\t\t<\/select>\r\n\t\t\t\t<\/div>\r\n\t\t\t<\/div>\r\n<div id=\"wpsl-category\">\r\n<label for=\"wpsl-category-list\">Cat\u00e9gorie<\/label>\r\n<select  name='wpsl-category' id='wpsl-category-list' class='wpsl-dropdown'>\n\t<option value='0'>Tout<\/option>\n\t<option class=\"level-0\" value=\"142\">Boutique<\/option>\n\t<option class=\"level-0\" value=\"144\">Studio<\/option>\n\t<option class=\"level-0\" value=\"143\">Must<\/option>\n<\/select>\n<\/div>\r\n\t\t\t\t<div class=\"wpsl-search-btn-wrap\"><input id=\"wpsl-search-btn\" type=\"submit\" value=\"Rechercher\"><\/div>\r\n\t\t<\/form>\r\n\t\t<\/div>\r\n\t<\/div>\r\n\t<div id=\"wpsl-gmap\" class=\"wpsl-gmap-canvas\"><\/div>\r\n\t<div id=\"wpsl-result-list\">\r\n\t\t<div id=\"wpsl-stores\" >\r\n\t\t\t<ul><\/ul>\r\n\t\t<\/div>\r\n\t\t<div id=\"wpsl-direction-details\">\r\n\t\t\t<ul><\/ul>\r\n\t\t<\/div>\r\n\t<\/div>\r\n<\/div>\r\n<\/div>\n\t\t\t\t\t\t<\/div>\n\t\t\t\t<\/div>\n\t\t\t\t\t<\/div>\n\t\t<\/div>\n\t\t\t\t\t<\/div>\n\t\t<\/section>\n\t\t\t\t<\/div>\n\t\t","protected":false},"excerpt":{"rendered":"<p>TROUVER UN D\u00c9TAILLANT O\u00f9 acheter? Un r\u00e9seau de professionnels du design Trouvez le plancher Lauzon Collection de vos r\u00eaves chez l&rsquo;un de nos d\u00e9taillants partenaire&nbsp;: Boutique \u2013\u00a0Immergez-vous dans un espace Lauzon Collection. Studio \u2013\u00a0D\u00e9couvrez notre vaste choix de fabuleuses couleurs. Must \u2013\u00a0Voyez les essentiels de Lauzon Collection. Atelier \u2013\u00a0Boutique offrant des services professionnels \u00e0 la [&hellip;]<\/p>\n","protected":false},"author":1,"featured_media":972,"parent":0,"menu_order":6,"comment_status":"closed","ping_status":"closed","template":"elementor_header_footer","meta":{"_acf_changed":false,"footnotes":""},"class_list":["post-3919","page","type-page","status-publish","has-post-thumbnail","hentry"],"acf":[],"yoast_head":"<!-- This site is optimized with the Yoast SEO plugin v25.2 - https:\/\/yoast.com\/wordpress\/plugins\/seo\/ -->\n<title>Ou acheter ? - Lauzon Collection<\/title>\n<meta name=\"robots\" content=\"index, follow, max-snippet:-1, max-image-preview:large, max-video-preview:-1\" \/>\n<meta property=\"og:locale\" content=\"fr_CA\" \/>\n<meta property=\"og:type\" content=\"article\" \/>\n<meta property=\"og:title\" content=\"Ou acheter ? - Lauzon Collection\" \/>\n<meta property=\"og:description\" content=\"TROUVER UN D\u00c9TAILLANT O\u00f9 acheter? Un r\u00e9seau de professionnels du design Trouvez le plancher Lauzon Collection de vos r\u00eaves chez l&rsquo;un de nos d\u00e9taillants partenaire&nbsp;: Boutique \u2013\u00a0Immergez-vous dans un espace Lauzon Collection. Studio \u2013\u00a0D\u00e9couvrez notre vaste choix de fabuleuses couleurs. Must \u2013\u00a0Voyez les essentiels de Lauzon Collection. Atelier \u2013\u00a0Boutique offrant des services professionnels \u00e0 la [&hellip;]\" \/>\n<meta property=\"og:url\" content=\"https:\/\/www.lauzoncollection.com\/where-to-buy\/\" \/>\n<meta property=\"og:site_name\" content=\"Lauzon Collection\" \/>\n<meta property=\"article:modified_time\" content=\"2022-04-14T13:26:28+00:00\" \/>\n<meta property=\"og:image\" content=\"https:\/\/www.lauzoncollection.com\/wp-content\/uploads\/2021\/09\/1_Image_question_de_style.jpg\" \/>\n\t<meta property=\"og:image:width\" content=\"1920\" \/>\n\t<meta property=\"og:image:height\" content=\"957\" \/>\n\t<meta property=\"og:image:type\" content=\"image\/jpeg\" \/>\n<meta name=\"twitter:card\" content=\"summary_large_image\" \/>\n<meta name=\"twitter:label1\" content=\"Estimation du temps de lecture\" \/>\n\t<meta name=\"twitter:data1\" content=\"1 minute\" \/>\n<script type=\"application\/ld+json\" class=\"yoast-schema-graph\">{\"@context\":\"https:\/\/schema.org\",\"@graph\":[{\"@type\":\"WebPage\",\"@id\":\"https:\/\/www.lauzoncollection.com\/where-to-buy\/\",\"url\":\"https:\/\/www.lauzoncollection.com\/where-to-buy\/\",\"name\":\"Ou acheter ? - Lauzon Collection\",\"isPartOf\":{\"@id\":\"https:\/\/www.lauzoncollection.com\/#website\"},\"primaryImageOfPage\":{\"@id\":\"https:\/\/www.lauzoncollection.com\/where-to-buy\/#primaryimage\"},\"image\":{\"@id\":\"https:\/\/www.lauzoncollection.com\/where-to-buy\/#primaryimage\"},\"thumbnailUrl\":\"https:\/\/www.lauzoncollection.com\/wp-content\/uploads\/2021\/09\/1_Image_question_de_style.jpg\",\"datePublished\":\"2021-11-12T19:40:47+00:00\",\"dateModified\":\"2022-04-14T13:26:28+00:00\",\"breadcrumb\":{\"@id\":\"https:\/\/www.lauzoncollection.com\/where-to-buy\/#breadcrumb\"},\"inLanguage\":\"fr-CA\",\"potentialAction\":[{\"@type\":\"ReadAction\",\"target\":[\"https:\/\/www.lauzoncollection.com\/where-to-buy\/\"]}]},{\"@type\":\"ImageObject\",\"inLanguage\":\"fr-CA\",\"@id\":\"https:\/\/www.lauzoncollection.com\/where-to-buy\/#primaryimage\",\"url\":\"https:\/\/www.lauzoncollection.com\/wp-content\/uploads\/2021\/09\/1_Image_question_de_style.jpg\",\"contentUrl\":\"https:\/\/www.lauzoncollection.com\/wp-content\/uploads\/2021\/09\/1_Image_question_de_style.jpg\",\"width\":1920,\"height\":957},{\"@type\":\"BreadcrumbList\",\"@id\":\"https:\/\/www.lauzoncollection.com\/where-to-buy\/#breadcrumb\",\"itemListElement\":[{\"@type\":\"ListItem\",\"position\":1,\"name\":\"Accueil\",\"item\":\"https:\/\/www.lauzoncollection.com\/fr\/\"},{\"@type\":\"ListItem\",\"position\":2,\"name\":\"Ou acheter ?\"}]},{\"@type\":\"WebSite\",\"@id\":\"https:\/\/www.lauzoncollection.com\/#website\",\"url\":\"https:\/\/www.lauzoncollection.com\/\",\"name\":\"Lauzon Collection\",\"description\":\"\",\"publisher\":{\"@id\":\"https:\/\/www.lauzoncollection.com\/#organization\"},\"potentialAction\":[{\"@type\":\"SearchAction\",\"target\":{\"@type\":\"EntryPoint\",\"urlTemplate\":\"https:\/\/www.lauzoncollection.com\/?s={search_term_string}\"},\"query-input\":{\"@type\":\"PropertyValueSpecification\",\"valueRequired\":true,\"valueName\":\"search_term_string\"}}],\"inLanguage\":\"fr-CA\"},{\"@type\":\"Organization\",\"@id\":\"https:\/\/www.lauzoncollection.com\/#organization\",\"name\":\"Lauzon Collection\",\"url\":\"https:\/\/www.lauzoncollection.com\/\",\"logo\":{\"@type\":\"ImageObject\",\"inLanguage\":\"fr-CA\",\"@id\":\"https:\/\/www.lauzoncollection.com\/#\/schema\/logo\/image\/\",\"url\":\"https:\/\/www.lauzoncollection.com\/wp-content\/uploads\/2020\/05\/logo_lauzon_FR.png\",\"contentUrl\":\"https:\/\/www.lauzoncollection.com\/wp-content\/uploads\/2020\/05\/logo_lauzon_FR.png\",\"width\":1201,\"height\":1200,\"caption\":\"Lauzon Collection\"},\"image\":{\"@id\":\"https:\/\/www.lauzoncollection.com\/#\/schema\/logo\/image\/\"}}]}<\/script>\n<!-- \/ Yoast SEO plugin. -->","yoast_head_json":{"title":"Ou acheter ? - Lauzon Collection","robots":{"index":"index","follow":"follow","max-snippet":"max-snippet:-1","max-image-preview":"max-image-preview:large","max-video-preview":"max-video-preview:-1"},"og_locale":"fr_CA","og_type":"article","og_title":"Ou acheter ? - Lauzon Collection","og_description":"TROUVER UN D\u00c9TAILLANT O\u00f9 acheter? Un r\u00e9seau de professionnels du design Trouvez le plancher Lauzon Collection de vos r\u00eaves chez l&rsquo;un de nos d\u00e9taillants partenaire&nbsp;: Boutique \u2013\u00a0Immergez-vous dans un espace Lauzon Collection. Studio \u2013\u00a0D\u00e9couvrez notre vaste choix de fabuleuses couleurs. Must \u2013\u00a0Voyez les essentiels de Lauzon Collection. Atelier \u2013\u00a0Boutique offrant des services professionnels \u00e0 la [&hellip;]","og_url":"https:\/\/www.lauzoncollection.com\/where-to-buy\/","og_site_name":"Lauzon Collection","article_modified_time":"2022-04-14T13:26:28+00:00","og_image":[{"width":1920,"height":957,"url":"https:\/\/www.lauzoncollection.com\/wp-content\/uploads\/2021\/09\/1_Image_question_de_style.jpg","type":"image\/jpeg"}],"twitter_card":"summary_large_image","twitter_misc":{"Estimation du temps de lecture":"1 minute"},"schema":{"@context":"https:\/\/schema.org","@graph":[{"@type":"WebPage","@id":"https:\/\/www.lauzoncollection.com\/where-to-buy\/","url":"https:\/\/www.lauzoncollection.com\/where-to-buy\/","name":"Ou acheter ? - Lauzon Collection","isPartOf":{"@id":"https:\/\/www.lauzoncollection.com\/#website"},"primaryImageOfPage":{"@id":"https:\/\/www.lauzoncollection.com\/where-to-buy\/#primaryimage"},"image":{"@id":"https:\/\/www.lauzoncollection.com\/where-to-buy\/#primaryimage"},"thumbnailUrl":"https:\/\/www.lauzoncollection.com\/wp-content\/uploads\/2021\/09\/1_Image_question_de_style.jpg","datePublished":"2021-11-12T19:40:47+00:00","dateModified":"2022-04-14T13:26:28+00:00","breadcrumb":{"@id":"https:\/\/www.lauzoncollection.com\/where-to-buy\/#breadcrumb"},"inLanguage":"fr-CA","potentialAction":[{"@type":"ReadAction","target":["https:\/\/www.lauzoncollection.com\/where-to-buy\/"]}]},{"@type":"ImageObject","inLanguage":"fr-CA","@id":"https:\/\/www.lauzoncollection.com\/where-to-buy\/#primaryimage","url":"https:\/\/www.lauzoncollection.com\/wp-content\/uploads\/2021\/09\/1_Image_question_de_style.jpg","contentUrl":"https:\/\/www.lauzoncollection.com\/wp-content\/uploads\/2021\/09\/1_Image_question_de_style.jpg","width":1920,"height":957},{"@type":"BreadcrumbList","@id":"https:\/\/www.lauzoncollection.com\/where-to-buy\/#breadcrumb","itemListElement":[{"@type":"ListItem","position":1,"name":"Accueil","item":"https:\/\/www.lauzoncollection.com\/fr\/"},{"@type":"ListItem","position":2,"name":"Ou acheter ?"}]},{"@type":"WebSite","@id":"https:\/\/www.lauzoncollection.com\/#website","url":"https:\/\/www.lauzoncollection.com\/","name":"Lauzon Collection","description":"","publisher":{"@id":"https:\/\/www.lauzoncollection.com\/#organization"},"potentialAction":[{"@type":"SearchAction","target":{"@type":"EntryPoint","urlTemplate":"https:\/\/www.lauzoncollection.com\/?s={search_term_string}"},"query-input":{"@type":"PropertyValueSpecification","valueRequired":true,"valueName":"search_term_string"}}],"inLanguage":"fr-CA"},{"@type":"Organization","@id":"https:\/\/www.lauzoncollection.com\/#organization","name":"Lauzon Collection","url":"https:\/\/www.lauzoncollection.com\/","logo":{"@type":"ImageObject","inLanguage":"fr-CA","@id":"https:\/\/www.lauzoncollection.com\/#\/schema\/logo\/image\/","url":"https:\/\/www.lauzoncollection.com\/wp-content\/uploads\/2020\/05\/logo_lauzon_FR.png","contentUrl":"https:\/\/www.lauzoncollection.com\/wp-content\/uploads\/2020\/05\/logo_lauzon_FR.png","width":1201,"height":1200,"caption":"Lauzon Collection"},"image":{"@id":"https:\/\/www.lauzoncollection.com\/#\/schema\/logo\/image\/"}}]}},"_links":{"self":[{"href":"https:\/\/www.lauzoncollection.com\/fr\/wp-json\/wp\/v2\/pages\/3919","targetHints":{"allow":["GET"]}}],"collection":[{"href":"https:\/\/www.lauzoncollection.com\/fr\/wp-json\/wp\/v2\/pages"}],"about":[{"href":"https:\/\/www.lauzoncollection.com\/fr\/wp-json\/wp\/v2\/types\/page"}],"author":[{"embeddable":true,"href":"https:\/\/www.lauzoncollection.com\/fr\/wp-json\/wp\/v2\/users\/1"}],"replies":[{"embeddable":true,"href":"https:\/\/www.lauzoncollection.com\/fr\/wp-json\/wp\/v2\/comments?post=3919"}],"version-history":[{"count":20,"href":"https:\/\/www.lauzoncollection.com\/fr\/wp-json\/wp\/v2\/pages\/3919\/revisions"}],"predecessor-version":[{"id":10957,"href":"https:\/\/www.lauzoncollection.com\/fr\/wp-json\/wp\/v2\/pages\/3919\/revisions\/10957"}],"wp:featuredmedia":[{"embeddable":true,"href":"https:\/\/www.lauzoncollection.com\/fr\/wp-json\/wp\/v2\/media\/972"}],"wp:attachment":[{"href":"https:\/\/www.lauzoncollection.com\/fr\/wp-json\/wp\/v2\/media?parent=3919"}],"curies":[{"name":"wp","href":"https:\/\/api.w.org\/{rel}","templated":true}]}}