{"id":1825,"date":"2021-10-25T08:31:24","date_gmt":"2021-10-25T12:31:24","guid":{"rendered":"https:\/\/lauzoncollection.com\/?post_type=product&#038;p=1825"},"modified":"2026-04-16T15:02:35","modified_gmt":"2026-04-16T19:02:35","slug":"plancher-de-bois-lauzon-collection-influence-terre-chene-blanc-cork","status":"publish","type":"product","link":"https:\/\/www.lauzoncollection.com\/fr\/collection\/plancher-de-bois-lauzon-collection-influence-terre-chene-blanc-cork\/","title":{"rendered":"Cork"},"content":{"rendered":"","protected":false},"excerpt":{"rendered":"","protected":false},"featured_media":14863,"template":"","meta":{"_acf_changed":false},"product_brand":[],"product_cat":[33],"product_tag":[],"lustre":[82],"grade":[79,76],"texture":[73,88],"largeurs":[160,69],"essence":[62],"couleur":[60],"influence":[52],"class_list":{"0":"post-1825","1":"product","2":"type-product","3":"status-publish","4":"has-post-thumbnail","6":"product_cat-non-classe","7":"lustre-ultramat-10","8":"grade-caractere","9":"grade-select-et-meilleur","10":"texture-brossee","11":"texture-raffinee","12":"largeurs-extra-large-7-1-2","13":"largeurs-extra-large-8","14":"essence-chene-blanc-europeen","15":"couleur-brun-moyen","16":"influence-terre","18":"first","19":"instock","20":"shipping-taxable","21":"purchasable","22":"product-type-variable"},"acf":[],"yoast_head":"<!-- This site is optimized with the Yoast SEO plugin v25.2 - https:\/\/yoast.com\/wordpress\/plugins\/seo\/ -->\n<title>Cork - Lauzon Collection<\/title>\n<meta name=\"robots\" content=\"index, follow, max-snippet:-1, max-image-preview:large, max-video-preview:-1\" \/>\n<meta property=\"og:locale\" content=\"fr_CA\" \/>\n<meta property=\"og:type\" content=\"article\" \/>\n<meta property=\"og:title\" content=\"Cork - Lauzon Collection\" \/>\n<meta property=\"og:url\" content=\"https:\/\/www.lauzoncollection.com\/fr\/collection\/plancher-de-bois-lauzon-collection-influence-terre-chene-blanc-cork\/\" \/>\n<meta property=\"og:site_name\" content=\"Lauzon Collection\" \/>\n<meta property=\"article:modified_time\" content=\"2026-04-16T19:02:35+00:00\" \/>\n<meta property=\"og:image\" content=\"https:\/\/www.lauzoncollection.com\/wp-content\/uploads\/2021\/11\/hardwood-floor-lauzon-collection-earth-influence-white-oak-select-cork-1024x870.jpg\" \/>\n\t<meta property=\"og:image:width\" content=\"1024\" \/>\n\t<meta property=\"og:image:height\" content=\"870\" \/>\n\t<meta property=\"og:image:type\" content=\"image\/jpeg\" \/>\n<meta name=\"twitter:card\" content=\"summary_large_image\" \/>\n<meta name=\"twitter:label1\" content=\"Estimation du temps de lecture\" \/>\n\t<meta name=\"twitter:data1\" content=\"1 minute\" \/>\n<script type=\"application\/ld+json\" class=\"yoast-schema-graph\">{\"@context\":\"https:\/\/schema.org\",\"@graph\":[{\"@type\":\"WebPage\",\"@id\":\"https:\/\/www.lauzoncollection.com\/fr\/collection\/plancher-de-bois-lauzon-collection-influence-terre-chene-blanc-cork\/\",\"url\":\"https:\/\/www.lauzoncollection.com\/fr\/collection\/plancher-de-bois-lauzon-collection-influence-terre-chene-blanc-cork\/\",\"name\":\"Cork - Lauzon Collection\",\"isPartOf\":{\"@id\":\"https:\/\/www.lauzoncollection.com\/#website\"},\"primaryImageOfPage\":{\"@id\":\"https:\/\/www.lauzoncollection.com\/fr\/collection\/plancher-de-bois-lauzon-collection-influence-terre-chene-blanc-cork\/#primaryimage\"},\"image\":{\"@id\":\"https:\/\/www.lauzoncollection.com\/fr\/collection\/plancher-de-bois-lauzon-collection-influence-terre-chene-blanc-cork\/#primaryimage\"},\"thumbnailUrl\":\"https:\/\/www.lauzoncollection.com\/wp-content\/uploads\/2021\/11\/hardwood-floor-lauzon-collection-earth-influence-white-oak-select-cork.jpg\",\"datePublished\":\"2021-10-25T12:31:24+00:00\",\"dateModified\":\"2026-04-16T19:02:35+00:00\",\"breadcrumb\":{\"@id\":\"https:\/\/www.lauzoncollection.com\/fr\/collection\/plancher-de-bois-lauzon-collection-influence-terre-chene-blanc-cork\/#breadcrumb\"},\"inLanguage\":\"fr-CA\",\"potentialAction\":[{\"@type\":\"ReadAction\",\"target\":[\"https:\/\/www.lauzoncollection.com\/fr\/collection\/plancher-de-bois-lauzon-collection-influence-terre-chene-blanc-cork\/\"]}]},{\"@type\":\"ImageObject\",\"inLanguage\":\"fr-CA\",\"@id\":\"https:\/\/www.lauzoncollection.com\/fr\/collection\/plancher-de-bois-lauzon-collection-influence-terre-chene-blanc-cork\/#primaryimage\",\"url\":\"https:\/\/www.lauzoncollection.com\/wp-content\/uploads\/2021\/11\/hardwood-floor-lauzon-collection-earth-influence-white-oak-select-cork.jpg\",\"contentUrl\":\"https:\/\/www.lauzoncollection.com\/wp-content\/uploads\/2021\/11\/hardwood-floor-lauzon-collection-earth-influence-white-oak-select-cork.jpg\",\"width\":2000,\"height\":1700,\"caption\":\"Cork - Ch\u00eane blanc europ\u00e9en - Grade s\u00e9lect\"},{\"@type\":\"BreadcrumbList\",\"@id\":\"https:\/\/www.lauzoncollection.com\/fr\/collection\/plancher-de-bois-lauzon-collection-influence-terre-chene-blanc-cork\/#breadcrumb\",\"itemListElement\":[{\"@type\":\"ListItem\",\"position\":1,\"name\":\"Accueil\",\"item\":\"https:\/\/www.lauzoncollection.com\/fr\/\"},{\"@type\":\"ListItem\",\"position\":2,\"name\":\"Shop\",\"item\":\"https:\/\/www.lauzoncollection.com\/fr\/shop\/\"},{\"@type\":\"ListItem\",\"position\":3,\"name\":\"Cork\"}]},{\"@type\":\"WebSite\",\"@id\":\"https:\/\/www.lauzoncollection.com\/#website\",\"url\":\"https:\/\/www.lauzoncollection.com\/\",\"name\":\"Lauzon Collection\",\"description\":\"\",\"publisher\":{\"@id\":\"https:\/\/www.lauzoncollection.com\/#organization\"},\"potentialAction\":[{\"@type\":\"SearchAction\",\"target\":{\"@type\":\"EntryPoint\",\"urlTemplate\":\"https:\/\/www.lauzoncollection.com\/?s={search_term_string}\"},\"query-input\":{\"@type\":\"PropertyValueSpecification\",\"valueRequired\":true,\"valueName\":\"search_term_string\"}}],\"inLanguage\":\"fr-CA\"},{\"@type\":\"Organization\",\"@id\":\"https:\/\/www.lauzoncollection.com\/#organization\",\"name\":\"Lauzon Collection\",\"url\":\"https:\/\/www.lauzoncollection.com\/\",\"logo\":{\"@type\":\"ImageObject\",\"inLanguage\":\"fr-CA\",\"@id\":\"https:\/\/www.lauzoncollection.com\/#\/schema\/logo\/image\/\",\"url\":\"https:\/\/www.lauzoncollection.com\/wp-content\/uploads\/2020\/05\/logo_lauzon_FR.png\",\"contentUrl\":\"https:\/\/www.lauzoncollection.com\/wp-content\/uploads\/2020\/05\/logo_lauzon_FR.png\",\"width\":1201,\"height\":1200,\"caption\":\"Lauzon Collection\"},\"image\":{\"@id\":\"https:\/\/www.lauzoncollection.com\/#\/schema\/logo\/image\/\"}}]}<\/script>\n<!-- \/ Yoast SEO plugin. -->","yoast_head_json":{"title":"Cork - Lauzon Collection","robots":{"index":"index","follow":"follow","max-snippet":"max-snippet:-1","max-image-preview":"max-image-preview:large","max-video-preview":"max-video-preview:-1"},"og_locale":"fr_CA","og_type":"article","og_title":"Cork - Lauzon Collection","og_url":"https:\/\/www.lauzoncollection.com\/fr\/collection\/plancher-de-bois-lauzon-collection-influence-terre-chene-blanc-cork\/","og_site_name":"Lauzon Collection","article_modified_time":"2026-04-16T19:02:35+00:00","og_image":[{"width":1024,"height":870,"url":"https:\/\/www.lauzoncollection.com\/wp-content\/uploads\/2021\/11\/hardwood-floor-lauzon-collection-earth-influence-white-oak-select-cork-1024x870.jpg","type":"image\/jpeg"}],"twitter_card":"summary_large_image","twitter_misc":{"Estimation du temps de lecture":"1 minute"},"schema":{"@context":"https:\/\/schema.org","@graph":[{"@type":"WebPage","@id":"https:\/\/www.lauzoncollection.com\/fr\/collection\/plancher-de-bois-lauzon-collection-influence-terre-chene-blanc-cork\/","url":"https:\/\/www.lauzoncollection.com\/fr\/collection\/plancher-de-bois-lauzon-collection-influence-terre-chene-blanc-cork\/","name":"Cork - Lauzon Collection","isPartOf":{"@id":"https:\/\/www.lauzoncollection.com\/#website"},"primaryImageOfPage":{"@id":"https:\/\/www.lauzoncollection.com\/fr\/collection\/plancher-de-bois-lauzon-collection-influence-terre-chene-blanc-cork\/#primaryimage"},"image":{"@id":"https:\/\/www.lauzoncollection.com\/fr\/collection\/plancher-de-bois-lauzon-collection-influence-terre-chene-blanc-cork\/#primaryimage"},"thumbnailUrl":"https:\/\/www.lauzoncollection.com\/wp-content\/uploads\/2021\/11\/hardwood-floor-lauzon-collection-earth-influence-white-oak-select-cork.jpg","datePublished":"2021-10-25T12:31:24+00:00","dateModified":"2026-04-16T19:02:35+00:00","breadcrumb":{"@id":"https:\/\/www.lauzoncollection.com\/fr\/collection\/plancher-de-bois-lauzon-collection-influence-terre-chene-blanc-cork\/#breadcrumb"},"inLanguage":"fr-CA","potentialAction":[{"@type":"ReadAction","target":["https:\/\/www.lauzoncollection.com\/fr\/collection\/plancher-de-bois-lauzon-collection-influence-terre-chene-blanc-cork\/"]}]},{"@type":"ImageObject","inLanguage":"fr-CA","@id":"https:\/\/www.lauzoncollection.com\/fr\/collection\/plancher-de-bois-lauzon-collection-influence-terre-chene-blanc-cork\/#primaryimage","url":"https:\/\/www.lauzoncollection.com\/wp-content\/uploads\/2021\/11\/hardwood-floor-lauzon-collection-earth-influence-white-oak-select-cork.jpg","contentUrl":"https:\/\/www.lauzoncollection.com\/wp-content\/uploads\/2021\/11\/hardwood-floor-lauzon-collection-earth-influence-white-oak-select-cork.jpg","width":2000,"height":1700,"caption":"Cork - Ch\u00eane blanc europ\u00e9en - Grade s\u00e9lect"},{"@type":"BreadcrumbList","@id":"https:\/\/www.lauzoncollection.com\/fr\/collection\/plancher-de-bois-lauzon-collection-influence-terre-chene-blanc-cork\/#breadcrumb","itemListElement":[{"@type":"ListItem","position":1,"name":"Accueil","item":"https:\/\/www.lauzoncollection.com\/fr\/"},{"@type":"ListItem","position":2,"name":"Shop","item":"https:\/\/www.lauzoncollection.com\/fr\/shop\/"},{"@type":"ListItem","position":3,"name":"Cork"}]},{"@type":"WebSite","@id":"https:\/\/www.lauzoncollection.com\/#website","url":"https:\/\/www.lauzoncollection.com\/","name":"Lauzon Collection","description":"","publisher":{"@id":"https:\/\/www.lauzoncollection.com\/#organization"},"potentialAction":[{"@type":"SearchAction","target":{"@type":"EntryPoint","urlTemplate":"https:\/\/www.lauzoncollection.com\/?s={search_term_string}"},"query-input":{"@type":"PropertyValueSpecification","valueRequired":true,"valueName":"search_term_string"}}],"inLanguage":"fr-CA"},{"@type":"Organization","@id":"https:\/\/www.lauzoncollection.com\/#organization","name":"Lauzon Collection","url":"https:\/\/www.lauzoncollection.com\/","logo":{"@type":"ImageObject","inLanguage":"fr-CA","@id":"https:\/\/www.lauzoncollection.com\/#\/schema\/logo\/image\/","url":"https:\/\/www.lauzoncollection.com\/wp-content\/uploads\/2020\/05\/logo_lauzon_FR.png","contentUrl":"https:\/\/www.lauzoncollection.com\/wp-content\/uploads\/2020\/05\/logo_lauzon_FR.png","width":1201,"height":1200,"caption":"Lauzon Collection"},"image":{"@id":"https:\/\/www.lauzoncollection.com\/#\/schema\/logo\/image\/"}}]}},"_links":{"self":[{"href":"https:\/\/www.lauzoncollection.com\/fr\/wp-json\/wp\/v2\/product\/1825","targetHints":{"allow":["GET"]}}],"collection":[{"href":"https:\/\/www.lauzoncollection.com\/fr\/wp-json\/wp\/v2\/product"}],"about":[{"href":"https:\/\/www.lauzoncollection.com\/fr\/wp-json\/wp\/v2\/types\/product"}],"wp:featuredmedia":[{"embeddable":true,"href":"https:\/\/www.lauzoncollection.com\/fr\/wp-json\/wp\/v2\/media\/14863"}],"wp:attachment":[{"href":"https:\/\/www.lauzoncollection.com\/fr\/wp-json\/wp\/v2\/media?parent=1825"}],"wp:term":[{"taxonomy":"product_brand","embeddable":true,"href":"https:\/\/www.lauzoncollection.com\/fr\/wp-json\/wp\/v2\/product_brand?post=1825"},{"taxonomy":"product_cat","embeddable":true,"href":"https:\/\/www.lauzoncollection.com\/fr\/wp-json\/wp\/v2\/product_cat?post=1825"},{"taxonomy":"product_tag","embeddable":true,"href":"https:\/\/www.lauzoncollection.com\/fr\/wp-json\/wp\/v2\/product_tag?post=1825"},{"taxonomy":"lustre","embeddable":true,"href":"https:\/\/www.lauzoncollection.com\/fr\/wp-json\/wp\/v2\/lustre?post=1825"},{"taxonomy":"grade","embeddable":true,"href":"https:\/\/www.lauzoncollection.com\/fr\/wp-json\/wp\/v2\/grade?post=1825"},{"taxonomy":"texture","embeddable":true,"href":"https:\/\/www.lauzoncollection.com\/fr\/wp-json\/wp\/v2\/texture?post=1825"},{"taxonomy":"largeurs","embeddable":true,"href":"https:\/\/www.lauzoncollection.com\/fr\/wp-json\/wp\/v2\/largeurs?post=1825"},{"taxonomy":"essence","embeddable":true,"href":"https:\/\/www.lauzoncollection.com\/fr\/wp-json\/wp\/v2\/essence?post=1825"},{"taxonomy":"couleur","embeddable":true,"href":"https:\/\/www.lauzoncollection.com\/fr\/wp-json\/wp\/v2\/couleur?post=1825"},{"taxonomy":"influence","embeddable":true,"href":"https:\/\/www.lauzoncollection.com\/fr\/wp-json\/wp\/v2\/influence?post=1825"}],"curies":[{"name":"wp","href":"https:\/\/api.w.org\/{rel}","templated":true}]}}